{"id":14836,"date":"2022-10-21T11:24:37","date_gmt":"2022-10-21T11:24:37","guid":{"rendered":"https:\/\/www.noorusspahotel.com\/?page_id=14836"},"modified":"2026-02-17T06:55:58","modified_gmt":"2026-02-17T06:55:58","slug":"hyvinvointi-eripakattu","status":"publish","type":"page","link":"https:\/\/www.noorusspahotel.com\/fi\/hyvinvointi-eripakattu\/","title":{"rendered":"Hyvinvointi eripakattu"},"content":{"rendered":"\t\t<div data-elementor-type=\"wp-page\" data-elementor-id=\"14836\" class=\"elementor elementor-14836\" data-elementor-post-type=\"page\">\n\t\t\t\t\t\t<section class=\"elementor-section elementor-top-section elementor-element elementor-element-c1edcde elementor-section-boxed elementor-section-height-default elementor-section-height-default\" data-id=\"c1edcde\" data-element_type=\"section\" data-settings=\"{&quot;background_background&quot;:&quot;classic&quot;}\">\n\t\t\t\t\t\t<div class=\"elementor-container elementor-column-gap-default\">\n\t\t\t\t\t<div class=\"elementor-column elementor-col-100 elementor-top-column elementor-element elementor-element-587ae87\" data-id=\"587ae87\" data-element_type=\"column\">\n\t\t\t<div class=\"elementor-widget-wrap\">\n\t\t\t\t\t\t\t<\/div>\n\t\t<\/div>\n\t\t\t\t\t<\/div>\n\t\t<\/section>\n\t\t\t\t<section class=\"elementor-section elementor-top-section elementor-element elementor-element-9112da1 elementor-section-boxed elementor-section-height-default elementor-section-height-default\" data-id=\"9112da1\" data-element_type=\"section\">\n\t\t\t\t\t\t<div class=\"elementor-container elementor-column-gap-default\">\n\t\t\t\t\t<div class=\"elementor-column elementor-col-100 elementor-top-column elementor-element elementor-element-d654b03\" data-id=\"d654b03\" data-element_type=\"column\">\n\t\t\t<div class=\"elementor-widget-wrap elementor-element-populated\">\n\t\t\t\t\t\t<div class=\"elementor-element elementor-element-b72ad29 elementor-widget elementor-widget-text-editor\" data-id=\"b72ad29\" data-element_type=\"widget\" data-widget_type=\"text-editor.default\">\n\t\t\t\t<div class=\"elementor-widget-container\">\n\t\t\t\t\t\t\t<h5 style=\"text-align: center;\">KUUKAUDEN PAKKAUKSET<\/h5><h1 style=\"text-align: center;\"><span style=\"color: #000000;\">Wellness &amp; kauneus<\/span><\/h1>\t\t\t\t\t\t<\/div>\n\t\t\t\t<\/div>\n\t\t\t\t\t<\/div>\n\t\t<\/div>\n\t\t\t\t\t<\/div>\n\t\t<\/section>\n\t\t\t\t<section class=\"elementor-section elementor-top-section elementor-element elementor-element-882d4d8 elementor-section-boxed elementor-section-height-default elementor-section-height-default\" data-id=\"882d4d8\" data-element_type=\"section\">\n\t\t\t\t\t\t<div class=\"elementor-container elementor-column-gap-default\">\n\t\t\t\t\t<div class=\"elementor-column elementor-col-33 elementor-top-column elementor-element elementor-element-e36dd92\" data-id=\"e36dd92\" data-element_type=\"column\">\n\t\t\t<div class=\"elementor-widget-wrap elementor-element-populated\">\n\t\t\t\t\t\t<div class=\"elementor-element elementor-element-7334c23 elementor-widget elementor-widget-text-editor\" data-id=\"7334c23\" data-element_type=\"widget\" data-widget_type=\"text-editor.default\">\n\t\t\t\t<div class=\"elementor-widget-container\">\n\t\t\t\t\t\t\t<p style=\"text-align: center;\" data-start=\"0\" data-end=\"15\"><strong data-start=\"0\" data-end=\"15\">Aukioloajat<\/strong><\/p><p style=\"text-align: center;\" data-start=\"17\" data-end=\"55\"><strong data-start=\"17\" data-end=\"40\">Sunnuntai \u2013 Torstai<\/strong><br data-start=\"40\" data-end=\"43\" \/>9:00\u201320:00<\/p><p style=\"text-align: center;\" data-start=\"57\" data-end=\"93\" data-is-last-node=\"\" data-is-only-node=\"\"><strong data-start=\"57\" data-end=\"80\">Perjantai, Lauantai<\/strong><br data-start=\"80\" data-end=\"83\" \/>9:00\u201321:00<\/p><p style=\"text-align: center;\">\u00a0<\/p>\t\t\t\t\t\t<\/div>\n\t\t\t\t<\/div>\n\t\t\t\t<div class=\"elementor-element elementor-element-f0d820c elementor-view-default elementor-position-top elementor-mobile-position-top elementor-widget elementor-widget-icon-box\" data-id=\"f0d820c\" data-element_type=\"widget\" data-widget_type=\"icon-box.default\">\n\t\t\t\t<div class=\"elementor-widget-container\">\n\t\t\t\t\t<div class=\"elementor-icon-box-wrapper\">\n\n\t\t\t\t\t\t<div class=\"elementor-icon-box-icon\">\n\t\t\t\t<span  class=\"elementor-icon elementor-animation-\">\n\t\t\t\t<i aria-hidden=\"true\" class=\"fas fa-phone\"><\/i>\t\t\t\t<\/span>\n\t\t\t<\/div>\n\t\t\t\n\t\t\t\t\t\t<div class=\"elementor-icon-box-content\">\n\n\t\t\t\t\t\t\t\t\t<h3 class=\"elementor-icon-box-title\">\n\t\t\t\t\t\t<span  >\n\t\t\t\t\t\t\t+372 35 67 118       \t\t\t\t\t\t<\/span>\n\t\t\t\t\t<\/h3>\n\t\t\t\t\n\t\t\t\t\n\t\t\t<\/div>\n\t\t\t\n\t\t<\/div>\n\t\t\t\t<\/div>\n\t\t\t\t<\/div>\n\t\t\t\t<div class=\"elementor-element elementor-element-17deb92 elementor-widget elementor-widget-text-editor\" data-id=\"17deb92\" data-element_type=\"widget\" data-widget_type=\"text-editor.default\">\n\t\t\t\t<div class=\"elementor-widget-container\">\n\t\t\t\t\t\t\t<p style=\"text-align: center;\"><a href=\"mailto:wellness@noorusspahotel.com\">wellness@noorusspahotel.com<\/a><\/p>\t\t\t\t\t\t<\/div>\n\t\t\t\t<\/div>\n\t\t\t\t\t<\/div>\n\t\t<\/div>\n\t\t\t\t<div class=\"elementor-column elementor-col-66 elementor-top-column elementor-element elementor-element-432bcf4\" data-id=\"432bcf4\" data-element_type=\"column\">\n\t\t\t<div class=\"elementor-widget-wrap elementor-element-populated\">\n\t\t\t\t\t\t<div class=\"elementor-element elementor-element-692594d elementor-widget elementor-widget-eael-adv-accordion\" data-id=\"692594d\" data-element_type=\"widget\" data-widget_type=\"eael-adv-accordion.default\">\n\t\t\t\t<div class=\"elementor-widget-container\">\n\t\t\t        <div class=\"eael-adv-accordion\" id=\"eael-adv-accordion-692594d\" data-scroll-on-click=\"no\" data-scroll-speed=\"300\" data-accordion-id=\"692594d\" data-accordion-type=\"accordion\" data-toogle-speed=\"300\">\n    <div class=\"eael-accordion-list\">\n                <div id=\"hell-alku-kevtkunnolle\" class=\"elementor-tab-title eael-accordion-header\" tabindex=\"0\" data-tab=\"1\" aria-controls=\"elementor-tab-content-1101\"><span class=\"eael-advanced-accordion-icon-closed\"><\/span><span class=\"eael-advanced-accordion-icon-opened\"><\/span><span class=\"eael-accordion-tab-title\">Hell\u00e4 alku kev\u00e4tkunnolle!<\/span><i aria-hidden=\"true\" class=\"fa-toggle fas fa-angle-right\"><\/i><\/div><div id=\"elementor-tab-content-1101\" class=\"eael-accordion-content clearfix\" data-tab=\"1\" aria-labelledby=\"hell-alku-kevtkunnolle\"><p>Hell\u00e4 alku kev\u00e4tkunnolle \u2013 nyt on t\u00e4ydellinen aika hemmotella itse\u00e4si vartalohoidoilla, jotka auttavat muokkaamaan kehon linjoja ja valmistautumaan l\u00e4mpim\u00e4\u00e4n kauteen. Aloita jo t\u00e4n\u00e4\u00e4n, jotta tunnet kev\u00e4\u00e4ll\u00e4 keveytt\u00e4 ja itsevarmuutta kehossasi.<\/p><p>Kampanja \u201320 % seuraavista vartalohoidoista:<br \/>\u2022 Comfort Zone Tehokas selluliittihoito 3-in-1, 75 min<br \/>\u2022 Vacuslim 48 TOTAL, 60 min<br \/>\u2022 Vacuslim 48 BODY, 60 min<br \/>\u2022 Vacuslim 48 LEGS, 45 min<\/p><\/div>\n                <\/div><div class=\"eael-accordion-list\">\n                <div id=\"ranskalaiselta-mary-cohr-brndilt-upeita-alennuksia\" class=\"elementor-tab-title eael-accordion-header\" tabindex=\"0\" data-tab=\"2\" aria-controls=\"elementor-tab-content-1102\"><span class=\"eael-advanced-accordion-icon-closed\"><\/span><span class=\"eael-advanced-accordion-icon-opened\"><\/span><span class=\"eael-accordion-tab-title\">Ranskalaiselta Mary Cohr -br\u00e4ndilt\u00e4 upeita alennuksia!<\/span><i aria-hidden=\"true\" class=\"fa-toggle fas fa-angle-right\"><\/i><\/div><div id=\"elementor-tab-content-1102\" class=\"eael-accordion-content clearfix\" data-tab=\"2\" aria-labelledby=\"ranskalaiselta-mary-cohr-brndilt-upeita-alennuksia\"><p>Huhtikuun loppuun asti ranskalaiselta br\u00e4ndilt\u00e4 Mary Cohr upeat edut\u00a0 \u201320 %!<\/p><p>\u2022 Spa Aromatique Slimming \u2013 vartalon hoikentava hoito<br \/>\u2022 Spa Aromatique Anti-Age Body \u2013 vartalon ik\u00e4\u00e4ntymist\u00e4 ehk\u00e4isev\u00e4 hoito<br \/>\u2022 Beaut\u00e9 Aromatique \u2013 kasvohoito<br \/>\u2022 Lis\u00e4ksi \u201320 % Aromatic-kasvohoitotuotteiden sarjasta<\/p><\/div>\n                <\/div><div class=\"eael-accordion-list\">\n                <div id=\"30-minuutin-pressoterapiahoito-lahjaksi-\" class=\"elementor-tab-title eael-accordion-header\" tabindex=\"0\" data-tab=\"3\" aria-controls=\"elementor-tab-content-1103\"><span class=\"eael-advanced-accordion-icon-closed\"><\/span><span class=\"eael-advanced-accordion-icon-opened\"><\/span><span class=\"eael-accordion-tab-title\">30 minuutin pressoterapiahoito lahjaksi <\/span><i aria-hidden=\"true\" class=\"fa-toggle fas fa-angle-right\"><\/i><\/div><div id=\"elementor-tab-content-1103\" class=\"eael-accordion-content clearfix\" data-tab=\"3\" aria-labelledby=\"30-minuutin-pressoterapiahoito-lahjaksi-\"><p>Seuraavien vartalohoitojen oston yhteydess\u00e4 saatte lahjaksi pressoterapiahoidon:<\/p><p>Spa aromatique slimming 75 min 85 \u20ac<\/p><p>Spa aromatique anti age body 75 min 85 \u20ac<\/p><p>De-stressing massage 60 min 70 \u20ac<br \/>Pressoterapia auttaa poistamaan ei-toivottuja turvotuksia ja vahvistaa vartalohoidon vaikutusta.<\/p><\/div>\n                <\/div><\/div>\t\t<\/div>\n\t\t\t\t<\/div>\n\t\t\t\t\t<\/div>\n\t\t<\/div>\n\t\t\t\t\t<\/div>\n\t\t<\/section>\n\t\t\t\t<section class=\"elementor-section elementor-top-section elementor-element elementor-element-e02a5a0 elementor-section-boxed elementor-section-height-default elementor-section-height-default\" data-id=\"e02a5a0\" data-element_type=\"section\">\n\t\t\t\t\t\t<div class=\"elementor-container elementor-column-gap-default\">\n\t\t\t\t\t<div class=\"elementor-column elementor-col-33 elementor-top-column elementor-element elementor-element-6b20409\" data-id=\"6b20409\" data-element_type=\"column\">\n\t\t\t<div class=\"elementor-widget-wrap\">\n\t\t\t\t\t\t\t<\/div>\n\t\t<\/div>\n\t\t\t\t<div class=\"elementor-column elementor-col-33 elementor-top-column elementor-element elementor-element-1bc6a99\" data-id=\"1bc6a99\" data-element_type=\"column\">\n\t\t\t<div class=\"elementor-widget-wrap elementor-element-populated\">\n\t\t\t\t\t\t<div class=\"elementor-element elementor-element-64bcee4 elementor-widget elementor-widget-image\" data-id=\"64bcee4\" data-element_type=\"widget\" data-widget_type=\"image.default\">\n\t\t\t\t<div class=\"elementor-widget-container\">\n\t\t\t\t\t\t\t\t\t\t\t\t\t<img fetchpriority=\"high\" decoding=\"async\" width=\"1024\" height=\"1024\" src=\"https:\/\/www.noorusspahotel.com\/wp-content\/uploads\/2026\/02\/5-1024x1024.png\" class=\"attachment-large size-large wp-image-19170\" alt=\"\" srcset=\"https:\/\/www.noorusspahotel.com\/wp-content\/uploads\/2026\/02\/5-1024x1024.png 1024w, https:\/\/www.noorusspahotel.com\/wp-content\/uploads\/2026\/02\/5-300x300.png 300w, https:\/\/www.noorusspahotel.com\/wp-content\/uploads\/2026\/02\/5-150x150.png 150w, https:\/\/www.noorusspahotel.com\/wp-content\/uploads\/2026\/02\/5-768x768.png 768w, https:\/\/www.noorusspahotel.com\/wp-content\/uploads\/2026\/02\/5.png 1535w\" sizes=\"(max-width: 1024px) 100vw, 1024px\" \/>\t\t\t\t\t\t\t\t\t\t\t\t\t<\/div>\n\t\t\t\t<\/div>\n\t\t\t\t\t<\/div>\n\t\t<\/div>\n\t\t\t\t<div class=\"elementor-column elementor-col-33 elementor-top-column elementor-element elementor-element-5a5fdd0\" data-id=\"5a5fdd0\" data-element_type=\"column\">\n\t\t\t<div class=\"elementor-widget-wrap\">\n\t\t\t\t\t\t\t<\/div>\n\t\t<\/div>\n\t\t\t\t\t<\/div>\n\t\t<\/section>\n\t\t\t\t<section class=\"elementor-section elementor-top-section elementor-element elementor-element-7c614cf elementor-section-boxed elementor-section-height-default elementor-section-height-default\" data-id=\"7c614cf\" data-element_type=\"section\" data-settings=\"{&quot;background_background&quot;:&quot;classic&quot;}\">\n\t\t\t\t\t\t\t<div class=\"elementor-background-overlay\"><\/div>\n\t\t\t\t\t\t\t<div class=\"elementor-container elementor-column-gap-no\">\n\t\t\t\t\t<div class=\"elementor-column elementor-col-100 elementor-top-column elementor-element elementor-element-13c82b9\" data-id=\"13c82b9\" data-element_type=\"column\">\n\t\t\t<div class=\"elementor-widget-wrap elementor-element-populated\">\n\t\t\t\t\t\t<div class=\"elementor-element elementor-element-7793223 elementor-widget elementor-widget-heading\" data-id=\"7793223\" data-element_type=\"widget\" data-widget_type=\"heading.default\">\n\t\t\t\t<div class=\"elementor-widget-container\">\n\t\t\t<h2 class=\"elementor-heading-title elementor-size-default\">Unustamatud elamused<\/h2>\t\t<\/div>\n\t\t\t\t<\/div>\n\t\t\t\t<div class=\"elementor-element elementor-element-bd4ebc3 elementor-widget elementor-widget-heading\" data-id=\"bd4ebc3\" data-element_type=\"widget\" data-widget_type=\"heading.default\">\n\t\t\t\t<div class=\"elementor-widget-container\">\n\t\t\t<h2 class=\"elementor-heading-title elementor-size-default\">Noorus SPA Hotel<\/h2>\t\t<\/div>\n\t\t\t\t<\/div>\n\t\t\t\t<div class=\"elementor-element elementor-element-26ab628 elementor-align-center elementor-widget elementor-widget-button\" data-id=\"26ab628\" data-element_type=\"widget\" data-widget_type=\"button.default\">\n\t\t\t\t<div class=\"elementor-widget-container\">\n\t\t\t\t\t\t\t<div class=\"elementor-button-wrapper\">\n\t\t\t\t\t<a class=\"elementor-button elementor-button-link elementor-size-sm elementor-animation-grow\" href=\"https:\/\/booking.noorusspahotel.com\/V8Client\/Inquiry.aspx?culture=ET\">\n\t\t\t\t\t\t<span class=\"elementor-button-content-wrapper\">\n\t\t\t\t\t\t\t\t\t<span class=\"elementor-button-text\">BRONEERI<\/span>\n\t\t\t\t\t<\/span>\n\t\t\t\t\t<\/a>\n\t\t\t\t<\/div>\n\t\t\t\t\t\t<\/div>\n\t\t\t\t<\/div>\n\t\t\t\t\t<\/div>\n\t\t<\/div>\n\t\t\t\t\t<\/div>\n\t\t<\/section>\n\t\t\t\t<\/div>\n\t\t","protected":false},"excerpt":{"rendered":"<p>KUUKAUDEN PAKKAUKSET Wellness &amp; kauneus Aukioloajat Sunnuntai \u2013 Torstai9:00\u201320:00 Perjantai, Lauantai9:00\u201321:00 \u00a0 +372 35 67 118 wellness@noorusspahotel.com Hell\u00e4 alku kev\u00e4tkunnolle! Hell\u00e4 alku kev\u00e4tkunnolle \u2013 nyt on t\u00e4ydellinen aika hemmotella itse\u00e4si vartalohoidoilla, jotka auttavat muokkaamaan kehon linjoja ja valmistautumaan l\u00e4mpim\u00e4\u00e4n kauteen. Aloita jo t\u00e4n\u00e4\u00e4n, jotta tunnet kev\u00e4\u00e4ll\u00e4 keveytt\u00e4 ja itsevarmuutta kehossasi. Kampanja \u201320 % seuraavista vartalohoidoista:\u2022 &hellip;<\/p>\n<p class=\"read-more\"> <a class=\"\" href=\"https:\/\/www.noorusspahotel.com\/fi\/hyvinvointi-eripakattu\/\"> <span class=\"screen-reader-text\">Hyvinvointi eripakattu<\/span> Lue lis\u00e4\u00e4 &raquo;<\/a><\/p>\n","protected":false},"author":1,"featured_media":0,"parent":0,"menu_order":0,"comment_status":"closed","ping_status":"closed","template":"","meta":{"site-sidebar-layout":"no-sidebar","site-content-layout":"page-builder","ast-global-header-display":"","ast-main-header-display":"","ast-hfb-above-header-display":"","ast-hfb-below-header-display":"","ast-hfb-mobile-header-display":"","site-post-title":"disabled","ast-breadcrumbs-content":"","ast-featured-img":"disabled","footer-sml-layout":"","theme-transparent-header-meta":"enabled","adv-header-id-meta":"","stick-header-meta":"","header-above-stick-meta":"","header-main-stick-meta":"","header-below-stick-meta":"","footnotes":""},"class_list":["post-14836","page","type-page","status-publish","hentry"],"yoast_head":"<!-- This site is optimized with the Yoast SEO Premium plugin v22.0 (Yoast SEO v22.1) - https:\/\/yoast.com\/wordpress\/plugins\/seo\/ -->\n<title>Hyvinvointi eripakattu - Noorus SPA Hotel<\/title>\n<meta name=\"robots\" content=\"index, follow, max-snippet:-1, max-image-preview:large, max-video-preview:-1\" \/>\n<link rel=\"canonical\" href=\"https:\/\/www.noorusspahotel.com\/fi\/hyvinvointi-eripakattu\/\" \/>\n<meta property=\"og:locale\" content=\"fi_FI\" \/>\n<meta property=\"og:type\" content=\"article\" \/>\n<meta property=\"og:title\" content=\"Hyvinvointi eripakattu\" \/>\n<meta property=\"og:description\" content=\"KUUKAUDEN PAKKAUKSET Wellness &amp; kauneus Aukioloajat Sunnuntai \u2013 Torstai9:00\u201320:00 Perjantai, Lauantai9:00\u201321:00 \u00a0 +372 35 67 118 wellness@noorusspahotel.com Hell\u00e4 alku kev\u00e4tkunnolle! Hell\u00e4 alku kev\u00e4tkunnolle \u2013 nyt on t\u00e4ydellinen aika hemmotella itse\u00e4si vartalohoidoilla, jotka auttavat muokkaamaan kehon linjoja ja valmistautumaan l\u00e4mpim\u00e4\u00e4n kauteen. Aloita jo t\u00e4n\u00e4\u00e4n, jotta tunnet kev\u00e4\u00e4ll\u00e4 keveytt\u00e4 ja itsevarmuutta kehossasi. Kampanja \u201320 % seuraavista vartalohoidoista:\u2022 &hellip; Hyvinvointi eripakattu Lue lis\u00e4\u00e4 &raquo;\" \/>\n<meta property=\"og:url\" content=\"https:\/\/www.noorusspahotel.com\/fi\/hyvinvointi-eripakattu\/\" \/>\n<meta property=\"og:site_name\" content=\"Noorus SPA Hotel\" \/>\n<meta property=\"article:publisher\" content=\"https:\/\/www.facebook.com\/noorusspahotel\" \/>\n<meta property=\"article:modified_time\" content=\"2026-02-17T06:55:58+00:00\" \/>\n<meta property=\"og:image\" content=\"https:\/\/www.noorusspahotel.com\/wp-content\/uploads\/2026\/02\/5-1024x1024.png\" \/>\n<meta name=\"twitter:card\" content=\"summary_large_image\" \/>\n<meta name=\"twitter:label1\" content=\"Arvioitu lukuaika\" \/>\n\t<meta name=\"twitter:data1\" content=\"1 minuutti\" \/>\n<script type=\"application\/ld+json\" class=\"yoast-schema-graph\">{\"@context\":\"https:\/\/schema.org\",\"@graph\":[{\"@type\":\"WebPage\",\"@id\":\"https:\/\/www.noorusspahotel.com\/fi\/hyvinvointi-eripakattu\/\",\"url\":\"https:\/\/www.noorusspahotel.com\/fi\/hyvinvointi-eripakattu\/\",\"name\":\"Hyvinvointi eripakattu - Noorus SPA Hotel\",\"isPartOf\":{\"@id\":\"https:\/\/www.noorusspahotel.com\/#website\"},\"datePublished\":\"2022-10-21T11:24:37+00:00\",\"dateModified\":\"2026-02-17T06:55:58+00:00\",\"breadcrumb\":{\"@id\":\"https:\/\/www.noorusspahotel.com\/fi\/hyvinvointi-eripakattu\/#breadcrumb\"},\"inLanguage\":\"fi\",\"potentialAction\":[{\"@type\":\"ReadAction\",\"target\":[\"https:\/\/www.noorusspahotel.com\/fi\/hyvinvointi-eripakattu\/\"]}]},{\"@type\":\"BreadcrumbList\",\"@id\":\"https:\/\/www.noorusspahotel.com\/fi\/hyvinvointi-eripakattu\/#breadcrumb\",\"itemListElement\":[{\"@type\":\"ListItem\",\"position\":1,\"name\":\"Home\",\"item\":\"https:\/\/www.noorusspahotel.com\/fi\/\"},{\"@type\":\"ListItem\",\"position\":2,\"name\":\"Hyvinvointi eripakattu\"}]},{\"@type\":\"WebSite\",\"@id\":\"https:\/\/www.noorusspahotel.com\/#website\",\"url\":\"https:\/\/www.noorusspahotel.com\/\",\"name\":\"Noorus SPA Hotel\",\"description\":\"Spa puhkus ja meelelahutus Eestis\",\"publisher\":{\"@id\":\"https:\/\/www.noorusspahotel.com\/#organization\"},\"potentialAction\":[{\"@type\":\"SearchAction\",\"target\":{\"@type\":\"EntryPoint\",\"urlTemplate\":\"https:\/\/www.noorusspahotel.com\/?s={search_term_string}\"},\"query-input\":\"required name=search_term_string\"}],\"inLanguage\":\"fi\"},{\"@type\":\"Organization\",\"@id\":\"https:\/\/www.noorusspahotel.com\/#organization\",\"name\":\"Noorus SPA Hotel\",\"url\":\"https:\/\/www.noorusspahotel.com\/\",\"logo\":{\"@type\":\"ImageObject\",\"inLanguage\":\"fi\",\"@id\":\"https:\/\/www.noorusspahotel.com\/#\/schema\/logo\/image\/\",\"url\":\"https:\/\/www.noorusspahotel.com\/wp-content\/uploads\/2022\/09\/noorus-logo-VK.jpg\",\"contentUrl\":\"https:\/\/www.noorusspahotel.com\/wp-content\/uploads\/2022\/09\/noorus-logo-VK.jpg\",\"width\":731,\"height\":514,\"caption\":\"Noorus SPA Hotel\"},\"image\":{\"@id\":\"https:\/\/www.noorusspahotel.com\/#\/schema\/logo\/image\/\"},\"sameAs\":[\"https:\/\/www.facebook.com\/noorusspahotel\",\"https:\/\/www.instagram.com\/noorusspahotel\/\"]}]}<\/script>\n<!-- \/ Yoast SEO Premium plugin. -->","yoast_head_json":{"title":"Hyvinvointi eripakattu - Noorus SPA Hotel","robots":{"index":"index","follow":"follow","max-snippet":"max-snippet:-1","max-image-preview":"max-image-preview:large","max-video-preview":"max-video-preview:-1"},"canonical":"https:\/\/www.noorusspahotel.com\/fi\/hyvinvointi-eripakattu\/","og_locale":"fi_FI","og_type":"article","og_title":"Hyvinvointi eripakattu","og_description":"KUUKAUDEN PAKKAUKSET Wellness &amp; kauneus Aukioloajat Sunnuntai \u2013 Torstai9:00\u201320:00 Perjantai, Lauantai9:00\u201321:00 \u00a0 +372 35 67 118 wellness@noorusspahotel.com Hell\u00e4 alku kev\u00e4tkunnolle! Hell\u00e4 alku kev\u00e4tkunnolle \u2013 nyt on t\u00e4ydellinen aika hemmotella itse\u00e4si vartalohoidoilla, jotka auttavat muokkaamaan kehon linjoja ja valmistautumaan l\u00e4mpim\u00e4\u00e4n kauteen. Aloita jo t\u00e4n\u00e4\u00e4n, jotta tunnet kev\u00e4\u00e4ll\u00e4 keveytt\u00e4 ja itsevarmuutta kehossasi. Kampanja \u201320 % seuraavista vartalohoidoista:\u2022 &hellip; Hyvinvointi eripakattu Lue lis\u00e4\u00e4 &raquo;","og_url":"https:\/\/www.noorusspahotel.com\/fi\/hyvinvointi-eripakattu\/","og_site_name":"Noorus SPA Hotel","article_publisher":"https:\/\/www.facebook.com\/noorusspahotel","article_modified_time":"2026-02-17T06:55:58+00:00","og_image":[{"url":"https:\/\/www.noorusspahotel.com\/wp-content\/uploads\/2026\/02\/5-1024x1024.png"}],"twitter_card":"summary_large_image","twitter_misc":{"Arvioitu lukuaika":"1 minuutti"},"schema":{"@context":"https:\/\/schema.org","@graph":[{"@type":"WebPage","@id":"https:\/\/www.noorusspahotel.com\/fi\/hyvinvointi-eripakattu\/","url":"https:\/\/www.noorusspahotel.com\/fi\/hyvinvointi-eripakattu\/","name":"Hyvinvointi eripakattu - Noorus SPA Hotel","isPartOf":{"@id":"https:\/\/www.noorusspahotel.com\/#website"},"datePublished":"2022-10-21T11:24:37+00:00","dateModified":"2026-02-17T06:55:58+00:00","breadcrumb":{"@id":"https:\/\/www.noorusspahotel.com\/fi\/hyvinvointi-eripakattu\/#breadcrumb"},"inLanguage":"fi","potentialAction":[{"@type":"ReadAction","target":["https:\/\/www.noorusspahotel.com\/fi\/hyvinvointi-eripakattu\/"]}]},{"@type":"BreadcrumbList","@id":"https:\/\/www.noorusspahotel.com\/fi\/hyvinvointi-eripakattu\/#breadcrumb","itemListElement":[{"@type":"ListItem","position":1,"name":"Home","item":"https:\/\/www.noorusspahotel.com\/fi\/"},{"@type":"ListItem","position":2,"name":"Hyvinvointi eripakattu"}]},{"@type":"WebSite","@id":"https:\/\/www.noorusspahotel.com\/#website","url":"https:\/\/www.noorusspahotel.com\/","name":"Noorus SPA Hotel","description":"Spa puhkus ja meelelahutus Eestis","publisher":{"@id":"https:\/\/www.noorusspahotel.com\/#organization"},"potentialAction":[{"@type":"SearchAction","target":{"@type":"EntryPoint","urlTemplate":"https:\/\/www.noorusspahotel.com\/?s={search_term_string}"},"query-input":"required name=search_term_string"}],"inLanguage":"fi"},{"@type":"Organization","@id":"https:\/\/www.noorusspahotel.com\/#organization","name":"Noorus SPA Hotel","url":"https:\/\/www.noorusspahotel.com\/","logo":{"@type":"ImageObject","inLanguage":"fi","@id":"https:\/\/www.noorusspahotel.com\/#\/schema\/logo\/image\/","url":"https:\/\/www.noorusspahotel.com\/wp-content\/uploads\/2022\/09\/noorus-logo-VK.jpg","contentUrl":"https:\/\/www.noorusspahotel.com\/wp-content\/uploads\/2022\/09\/noorus-logo-VK.jpg","width":731,"height":514,"caption":"Noorus SPA Hotel"},"image":{"@id":"https:\/\/www.noorusspahotel.com\/#\/schema\/logo\/image\/"},"sameAs":["https:\/\/www.facebook.com\/noorusspahotel","https:\/\/www.instagram.com\/noorusspahotel\/"]}]}},"_links":{"self":[{"href":"https:\/\/www.noorusspahotel.com\/fi\/wp-json\/wp\/v2\/pages\/14836","targetHints":{"allow":["GET"]}}],"collection":[{"href":"https:\/\/www.noorusspahotel.com\/fi\/wp-json\/wp\/v2\/pages"}],"about":[{"href":"https:\/\/www.noorusspahotel.com\/fi\/wp-json\/wp\/v2\/types\/page"}],"author":[{"embeddable":true,"href":"https:\/\/www.noorusspahotel.com\/fi\/wp-json\/wp\/v2\/users\/1"}],"replies":[{"embeddable":true,"href":"https:\/\/www.noorusspahotel.com\/fi\/wp-json\/wp\/v2\/comments?post=14836"}],"version-history":[{"count":79,"href":"https:\/\/www.noorusspahotel.com\/fi\/wp-json\/wp\/v2\/pages\/14836\/revisions"}],"predecessor-version":[{"id":19304,"href":"https:\/\/www.noorusspahotel.com\/fi\/wp-json\/wp\/v2\/pages\/14836\/revisions\/19304"}],"wp:attachment":[{"href":"https:\/\/www.noorusspahotel.com\/fi\/wp-json\/wp\/v2\/media?parent=14836"}],"curies":[{"name":"wp","href":"https:\/\/api.w.org\/{rel}","templated":true}]}}