{"id":11882,"date":"2022-09-19T15:59:18","date_gmt":"2022-09-19T15:59:18","guid":{"rendered":"https:\/\/www.noorusspahotel.com\/?page_id=11882"},"modified":"2025-07-11T09:29:33","modified_gmt":"2025-07-11T09:29:33","slug":"tietosuojakaytanto","status":"publish","type":"page","link":"https:\/\/www.noorusspahotel.com\/fi\/tietosuojakaytanto\/","title":{"rendered":"Tietosuojak\u00e4yt\u00e4nt\u00f6"},"content":{"rendered":"\t\t<div data-elementor-type=\"wp-page\" data-elementor-id=\"11882\" class=\"elementor elementor-11882\" data-elementor-post-type=\"page\">\n\t\t\t\t\t\t<section class=\"elementor-section elementor-top-section elementor-element elementor-element-e97958a elementor-section-boxed elementor-section-height-default elementor-section-height-default\" data-id=\"e97958a\" data-element_type=\"section\" data-settings=\"{&quot;background_background&quot;:&quot;classic&quot;}\">\n\t\t\t\t\t\t\t<div class=\"elementor-background-overlay\"><\/div>\n\t\t\t\t\t\t\t<div class=\"elementor-container elementor-column-gap-default\">\n\t\t\t\t\t<div class=\"elementor-column elementor-col-100 elementor-top-column elementor-element elementor-element-0074158\" data-id=\"0074158\" data-element_type=\"column\">\n\t\t\t<div class=\"elementor-widget-wrap\">\n\t\t\t\t\t\t\t<\/div>\n\t\t<\/div>\n\t\t\t\t\t<\/div>\n\t\t<\/section>\n\t\t\t\t<section class=\"elementor-section elementor-top-section elementor-element elementor-element-c5d185d elementor-section-boxed elementor-section-height-default elementor-section-height-default\" data-id=\"c5d185d\" data-element_type=\"section\">\n\t\t\t\t\t\t<div class=\"elementor-container elementor-column-gap-default\">\n\t\t\t\t\t<div class=\"elementor-column elementor-col-100 elementor-top-column elementor-element elementor-element-1b616be\" data-id=\"1b616be\" data-element_type=\"column\">\n\t\t\t<div class=\"elementor-widget-wrap elementor-element-populated\">\n\t\t\t\t\t\t<div class=\"elementor-element elementor-element-5883387 elementor-widget elementor-widget-heading\" data-id=\"5883387\" data-element_type=\"widget\" data-widget_type=\"heading.default\">\n\t\t\t\t<div class=\"elementor-widget-container\">\n\t\t\t<h2 class=\"elementor-heading-title elementor-size-default\">Noorus O\u00dc:n tietosuojak\u00e4yt\u00e4nt\u00f6<\/h2>\t\t<\/div>\n\t\t\t\t<\/div>\n\t\t\t\t\t<\/div>\n\t\t<\/div>\n\t\t\t\t\t<\/div>\n\t\t<\/section>\n\t\t\t\t<section class=\"elementor-section elementor-top-section elementor-element elementor-element-836e01c elementor-section-boxed elementor-section-height-default elementor-section-height-default\" data-id=\"836e01c\" data-element_type=\"section\">\n\t\t\t\t\t\t<div class=\"elementor-container elementor-column-gap-default\">\n\t\t\t\t\t<div class=\"elementor-column elementor-col-100 elementor-top-column elementor-element elementor-element-b832464\" data-id=\"b832464\" data-element_type=\"column\">\n\t\t\t<div class=\"elementor-widget-wrap elementor-element-populated\">\n\t\t\t\t\t\t<div class=\"elementor-element elementor-element-cdf532f elementor-widget__width-initial elementor-widget elementor-widget-eael-adv-accordion\" data-id=\"cdf532f\" data-element_type=\"widget\" data-widget_type=\"eael-adv-accordion.default\">\n\t\t\t\t<div class=\"elementor-widget-container\">\n\t\t\t        <div class=\"eael-adv-accordion\" id=\"eael-adv-accordion-cdf532f\" data-scroll-on-click=\"no\" data-scroll-speed=\"300\" data-accordion-id=\"cdf532f\" data-accordion-type=\"accordion\" data-toogle-speed=\"300\">\n    <div class=\"eael-accordion-list\">\n                <div id=\"tietojen-tallentaminen-ja-ksittely\" class=\"elementor-tab-title eael-accordion-header\" tabindex=\"0\" data-tab=\"1\" aria-controls=\"elementor-tab-content-2151\"><span class=\"eael-accordion-tab-title\">Tietojen tallentaminen ja k\u00e4sittely<\/span><i aria-hidden=\"true\" class=\"fa-toggle fas fa-angle-right\"><\/i><\/div><div id=\"elementor-tab-content-2151\" class=\"eael-accordion-content clearfix\" data-tab=\"1\" aria-labelledby=\"tietojen-tallentaminen-ja-ksittely\"><div class=\"wpb_text_column wpb_content_element \"><div class=\"wpb_wrapper\"><div class=\"wpb_text_column wpb_content_element \"><div class=\"wpb_wrapper\"><div class=\"wpb_text_column wpb_content_element \"><div class=\"wpb_wrapper\"><div class=\"wpb_text_column wpb_content_element \"><div class=\"wpb_wrapper\"><p><span style=\"color: #000000;\">T\u00e4ss\u00e4 Noorus O\u00dc:n ja sen tyt\u00e4ryhti\u00f6iden tietosuojak\u00e4yt\u00e4nn\u00f6ss\u00e4 m\u00e4\u00e4ritell\u00e4\u00e4n tavat, joilla Noorus SPA Hotel ja Liivarand SPA Hotel k\u00e4sittelev\u00e4t asiakkaiden ja muiden henkil\u00f6iden henkil\u00f6tietoja.<\/span><\/p><p><span style=\"color: #000000;\">Noorus O\u00dc:n (Noorus SPA Hotel ja Liivarand SPA Hotel) t\u00e4rkein arvo on asiakastyytyv\u00e4isyys. Tarjotakseen parasta asiakaspalvelua ja t\u00e4ytt\u00e4\u00e4kseen kaikki sopimussuhteet moitteettomasti, Noorus O\u00dc ker\u00e4\u00e4 ja tallentaa asiakastietoja alla olevien periaatteiden mukaisesti. Tietojen oikeellisuus varmistaa asiakkaiden korrektin ja nopean palvelun.<\/span><\/p><p><span style=\"color: #000000;\">\u2013 Noorus O\u00dc s\u00e4ilytt\u00e4\u00e4 sille luovutetut henkil\u00f6tiedot ehdottoman luottamuksellisina ja suojaa tehokkailla tietoteknologisilla turvatoimilla asiakkaan henkil\u00f6tietoja joutumasta laittomasti kolmansien osapuolien haltuun.<\/span><\/p><p><span style=\"color: #000000;\">\u2013 Noorus O\u00dc suojelee sille uskottuja henkil\u00f6tietoja perusteettomalta k\u00e4yt\u00f6lt\u00e4. K\u00e4sitelless\u00e4\u00e4n henkil\u00f6tietoja Noorus O\u00dc nojautuu lakiin, ja tietoja ker\u00e4t\u00e4\u00e4n vain siin\u00e4 laajuudessa kuin se on tarpeen solmittujen sopimusten t\u00e4ytt\u00e4miseksi ja parhaan mahdollisen asiakaspalvelun takaamiseksi.<\/span><\/p><p><span style=\"color: #000000;\">\u2013 Noorus O\u00dc ei luovuta henkil\u00f6tietoja muille henkil\u00f6ille, paitsi jos laki edellytt\u00e4\u00e4 tiedonantovelvollisuutta tai tietojen luovuttamiseen on antanut valtuutuksen henkil\u00f6, jota tiedot koskevat.<\/span><\/p><p><span style=\"color: #000000;\">\u2013 Noorus O\u00dc:ll\u00e4 on oikeus v\u00e4litt\u00e4\u00e4 henkil\u00f6tietoja Noorus O\u00dc:n valtuuttamille k\u00e4sittelij\u00f6ille tavoitteenaan ker\u00e4ttyjen henkil\u00f6tietojen tehokas k\u00e4ytt\u00f6 parhaan palvelun tarjoamiseksi asiakkaalle. Noorus O\u00dc on vastuussa valtuutettujen k\u00e4sittelij\u00f6iden toiminnasta, ja valtuutetut k\u00e4sittelij\u00e4t noudattavat t\u00e4ysin Noorus O\u00dc:n henkil\u00f6tietojen k\u00e4sittelyperiaatteita. Rekisterinpit\u00e4j\u00e4 on Noorus O\u00dc (osoite L. Koidula 19d, Narva-J\u00f5esuu, puhelin +372 356 7100, s\u00e4hk\u00f6postiosoite <a style=\"color: #000000;\" href=\"mailto:info@noorusspahotel.com\">info@noorusspahotel.com<\/a>).<\/span><\/p><p><span style=\"color: #000000;\">\u2013 Noorus O\u00dc voi l\u00e4hett\u00e4\u00e4 asiakkailleen \u200b\u200bmainostarjouksia palveluistaan sek\u00e4 asiakastyytyv\u00e4isyystutkimuksia palvelun laadun parantamiseksi. Asiakkaalla on oikeus milloin tahansa kielt\u00e4yty\u00e4 edell\u00e4 mainituista tarjouksista tai kyselyihin vastaamisesta ilmoittamalla siit\u00e4 Noorus O\u00dc:lle.<\/span><\/p><p><span style=\"color: #000000;\">\u2013 Asiakkaalla on oikeus milloin tahansa peruuttaa suostumuksensa ja vaatia tietojensa poistamista Noorus O\u00dc:n asiakastietokannasta ilmoittamalla siit\u00e4 numeroon +372 356 7100 tai s\u00e4hk\u00f6postiosoitteeseen <a style=\"color: #000000;\" href=\"mailto:info@noorusspahotel.com\">info@noorusspahotel.com<\/a><\/span><\/p><p><span style=\"color: #000000;\">\u2013 Noorus O\u00dc:n ty\u00f6ntekij\u00e4t ovat tietoisia henkil\u00f6tietojen suojauksen periaatteista ja velvollisuudesta pit\u00e4\u00e4 ne luottamuksellisina ja vastaavat edell\u00e4 mainittujen velvoitteiden rikkomisesta.<\/span><\/p><p><span style=\"color: #000000;\">\u2013 Henkil\u00f6ll\u00e4 on milloin tahansa oikeus p\u00e4\u00e4st\u00e4 Noorus O\u00dc:n tietokantoihinsa tallentamiin h\u00e4nt\u00e4 koskeviin henkil\u00f6tietoihin, samoin tietoihin tekemist\u00e4\u00e4n toimista. Lis\u00e4ksi henkil\u00f6ll\u00e4 on milloin tahansa oikeus pyyt\u00e4\u00e4 oikaisua henkil\u00f6tietoihinsa, jos tiedot ovat muuttuneet tai ovat muista syist\u00e4 virheellisi\u00e4.<\/span><\/p><p><span style=\"color: #000000;\">\u2013 Noorus O\u00dc:n k\u00e4sittelemi\u00e4 henkil\u00f6tietoja ovat asiakkaan etu- ja sukunimi, syntym\u00e4aika, kansalaisuus, sukupuoli, osoite, puhelinnumero, s\u00e4hk\u00f6postiosoite, palvelujen kulutus ja suorittamat ostot.<\/span><\/p><p><span style=\"color: #000000;\">\u2013 Sivustoa k\u00e4ytett\u00e4ess\u00e4 yleiset tiedot, jotka eiv\u00e4t liity henkil\u00f6tietoihin, tallennetaan automaattisesti ja nimett\u00f6m\u00e4sti. Yleiset tiedot, joita ei k\u00e4ytet\u00e4 henkil\u00f6llisyyden tunnistamiseen (kuten k\u00e4ynnin p\u00e4iv\u00e4m\u00e4\u00e4r\u00e4, kellonaika, tiedot k\u00e4ytetyst\u00e4 k\u00e4ytt\u00f6j\u00e4rjestelm\u00e4st\u00e4 ja selainversiosta) tallentuvat automaattisesti. N\u00e4it\u00e4 \u200b\u200btietoja ker\u00e4t\u00e4\u00e4n ja analysoidaan anonyymisti, ja niit\u00e4 k\u00e4ytet\u00e4\u00e4n verkkosivuston toimivuuden parantamiseen. Pid\u00e4t\u00e4mme oikeuden k\u00e4ytt\u00e4\u00e4 yleisi\u00e4 tietoja tilastollisiin tarkoituksiin.<\/span><\/p><p><span style=\"color: #000000;\">\u2013 Meill\u00e4 on oikeus p\u00e4ivitt\u00e4\u00e4 tai muuttaa tietosuojak\u00e4yt\u00e4nt\u00f6\u00e4. P\u00e4ivitetty tai tarkistettu tietosuojak\u00e4yt\u00e4nt\u00f6 tulee voimaan, kun se julkaistaan \u200b\u200bverkkosivustollamme. Pyyd\u00e4mme, ett\u00e4 tarkistat t\u00e4m\u00e4n sivun aika ajoin varmistuaksesi, ett\u00e4 olet tyytyv\u00e4inen tietosuojak\u00e4yt\u00e4nn\u00f6n nykyiseen versioon.<\/span><\/p><p><span style=\"color: #000000;\">Kunnioittaen<\/span><\/p><p><span style=\"color: #000000;\">Noorus SPA Hotel<\/span><\/p><\/div><\/div><\/div><\/div><\/div><\/div><\/div><\/div><\/div>\n                <\/div><div class=\"eael-accordion-list\">\n                <div id=\"videovalvonnan-kytt\" class=\"elementor-tab-title eael-accordion-header\" tabindex=\"0\" data-tab=\"2\" aria-controls=\"elementor-tab-content-2152\"><span class=\"eael-accordion-tab-title\">Videovalvonnan k\u00e4ytt\u00f6<\/span><i aria-hidden=\"true\" class=\"fa-toggle fas fa-angle-right\"><\/i><\/div><div id=\"elementor-tab-content-2152\" class=\"eael-accordion-content clearfix\" data-tab=\"2\" aria-labelledby=\"videovalvonnan-kytt\"><ol><li><p>Videovalvonnan tarkoitus<\/p><p>SPA Hotels Noorus ja Liivarand -hotelleissa suoritetaan videovalvontaa seuraaviin tarkoituksiin:<\/p><p>rikosten ja rikkomusten ehk\u00e4iseminen;<br \/>hotellivieraiden, heid\u00e4n omaisuutensa ja hotellin omaisuuden turvallisuuden varmistaminen;<br \/>hotellivieraille tai hotellille aiheutuneita loukkaantumisia tai omaisuusvahinkoja koskevien riitojen ratkaiseminen.<br \/>Kameroiden sijoittaminen<\/p><p>Turvakamerat asennetaan vain erikseen osoitetuille ja selv\u00e4sti merkityille alueille:<\/p><p>yleiset alueet;<br \/>sis\u00e4\u00e4n- ja ulosk\u00e4ynnit;<br \/>pys\u00e4k\u00f6intialueet;<br \/>tekniset tilat ja palvelutilat.<\/p><p>Videovalvontaa ei suoriteta hotellihuoneissa, vessoissa, pukuhuoneissa tai muissa tiloissa, joissa odotetaan yksityisyytt\u00e4.<\/p><p>2. Tallenteiden s\u00e4ilytt\u00e4minen ja saatavuus<br \/>Videotallenteita s\u00e4ilytet\u00e4\u00e4n 72 tuntia tallennushetkest\u00e4.<br \/>T\u00e4m\u00e4n ajanjakson j\u00e4lkeen tallenteet poistetaan automaattisesti, ellei niit\u00e4 s\u00e4ilytet\u00e4 tapauksen tutkintaa tai oikeudenk\u00e4ynti\u00e4 varten.<br \/>Tallenteisiin p\u00e4\u00e4sev\u00e4t k\u00e4siksi vain seuraavat henkil\u00f6t:<br \/>hotellin johtokunnan j\u00e4sen;<br \/>videovalvontapalvelun johtaja;<br \/>hotellin lakimies.<br \/>Tallenteiden katselu<br \/>Tallenteita voi katsella vain digitaalisesti allekirjoitetun pyynn\u00f6n perusteella (henkil\u00f6kortilla, Mobile-ID:ll\u00e4 tai Smart-ID:ll\u00e4).<br \/>Katselu tapahtuu yksinomaan Noorus-hotellin tiloissa.<br \/>Pyynt\u00f6 on perusteltava oikeutetulla edulla.<\/p><p>3. Tallenteiden kopiot:<\/p><p>Toimitetaan vain lainvalvontaviranomaisille tai tuomioistuimille virallisesta pyynn\u00f6st\u00e4 rikosprosessilain tai siviiliprosessilain mukaisesti.<br \/>Yksityishenkil\u00f6ille ei anneta kopioita. Heille voidaan kuitenkin antaa mahdollisuus tutustua tallenteen siihen osaan, joka koskee heid\u00e4n oikeutettua etuaan.<\/p><p>Yksityishenkil\u00f6ille ei anneta kolmansia osapuolia koskevia tallenteita. Ainoat poikkeukset ovat valtion viranomaisten viralliset pyynn\u00f6t.<\/p><p>4. Tallenteiden pyyt\u00e4minen<br \/>Henkil\u00f6 voi pyyt\u00e4\u00e4 saada tutustua vain itse\u00e4\u00e4n koskeviin tallenteisiin, esimerkiksi selvitt\u00e4\u00e4kseen, onko h\u00e4neen kohdistunut laiton teko tehty.<br \/>Katselu tapahtuu hotellin valtuutetun edustajan l\u00e4sn\u00e4 ollessa.<br \/>Tietosuojalakien noudattaminen<\/p><p>5. Videovalvonta ja tallenteiden tallentaminen tapahtuu seuraavien lakien mukaisesti:<\/p><p>yleist\u00e4 tietosuoja-asetusta (GDPR);<br \/>Viron henkil\u00f6tietolakia;<br \/>hotellin tietosuojak\u00e4yt\u00e4nt\u00f6\u00e4.<\/p><\/li><\/ol><\/div>\n                <\/div><\/div>\t\t<\/div>\n\t\t\t\t<\/div>\n\t\t\t\t\t<\/div>\n\t\t<\/div>\n\t\t\t\t\t<\/div>\n\t\t<\/section>\n\t\t\t\t<\/div>\n\t\t","protected":false},"excerpt":{"rendered":"<p>Noorus O\u00dc:n tietosuojak\u00e4yt\u00e4nt\u00f6 Tietojen tallentaminen ja k\u00e4sittely T\u00e4ss\u00e4 Noorus O\u00dc:n ja sen tyt\u00e4ryhti\u00f6iden tietosuojak\u00e4yt\u00e4nn\u00f6ss\u00e4 m\u00e4\u00e4ritell\u00e4\u00e4n tavat, joilla Noorus SPA Hotel ja Liivarand SPA Hotel k\u00e4sittelev\u00e4t asiakkaiden ja muiden henkil\u00f6iden henkil\u00f6tietoja. Noorus O\u00dc:n (Noorus SPA Hotel ja Liivarand SPA Hotel) t\u00e4rkein arvo on asiakastyytyv\u00e4isyys. Tarjotakseen parasta asiakaspalvelua ja t\u00e4ytt\u00e4\u00e4kseen kaikki sopimussuhteet moitteettomasti, Noorus O\u00dc ker\u00e4\u00e4 ja &hellip;<\/p>\n<p class=\"read-more\"> <a class=\"\" href=\"https:\/\/www.noorusspahotel.com\/fi\/tietosuojakaytanto\/\"> <span class=\"screen-reader-text\">Tietosuojak\u00e4yt\u00e4nt\u00f6<\/span> Lue lis\u00e4\u00e4 &raquo;<\/a><\/p>\n","protected":false},"author":1,"featured_media":0,"parent":0,"menu_order":0,"comment_status":"closed","ping_status":"open","template":"","meta":{"site-sidebar-layout":"no-sidebar","site-content-layout":"page-builder","ast-global-header-display":"","ast-main-header-display":"","ast-hfb-above-header-display":"","ast-hfb-below-header-display":"","ast-hfb-mobile-header-display":"","site-post-title":"disabled","ast-breadcrumbs-content":"","ast-featured-img":"disabled","footer-sml-layout":"","theme-transparent-header-meta":"enabled","adv-header-id-meta":"","stick-header-meta":"","header-above-stick-meta":"","header-main-stick-meta":"","header-below-stick-meta":"","footnotes":""},"class_list":["post-11882","page","type-page","status-publish","hentry"],"yoast_head":"<!-- This site is optimized with the Yoast SEO Premium plugin v22.0 (Yoast SEO v22.1) - https:\/\/yoast.com\/wordpress\/plugins\/seo\/ -->\n<title>Tietosuojak\u00e4yt\u00e4nt\u00f6 - Noorus SPA Hotel<\/title>\n<meta name=\"robots\" content=\"index, follow, max-snippet:-1, max-image-preview:large, max-video-preview:-1\" \/>\n<link rel=\"canonical\" href=\"https:\/\/www.noorusspahotel.com\/fi\/tietosuojakaytanto\/\" \/>\n<meta property=\"og:locale\" content=\"fi_FI\" \/>\n<meta property=\"og:type\" content=\"article\" \/>\n<meta property=\"og:title\" content=\"Tietosuojak\u00e4yt\u00e4nt\u00f6\" \/>\n<meta property=\"og:description\" content=\"Noorus O\u00dc:n tietosuojak\u00e4yt\u00e4nt\u00f6 Tietojen tallentaminen ja k\u00e4sittely T\u00e4ss\u00e4 Noorus O\u00dc:n ja sen tyt\u00e4ryhti\u00f6iden tietosuojak\u00e4yt\u00e4nn\u00f6ss\u00e4 m\u00e4\u00e4ritell\u00e4\u00e4n tavat, joilla Noorus SPA Hotel ja Liivarand SPA Hotel k\u00e4sittelev\u00e4t asiakkaiden ja muiden henkil\u00f6iden henkil\u00f6tietoja. Noorus O\u00dc:n (Noorus SPA Hotel ja Liivarand SPA Hotel) t\u00e4rkein arvo on asiakastyytyv\u00e4isyys. Tarjotakseen parasta asiakaspalvelua ja t\u00e4ytt\u00e4\u00e4kseen kaikki sopimussuhteet moitteettomasti, Noorus O\u00dc ker\u00e4\u00e4 ja &hellip; Tietosuojak\u00e4yt\u00e4nt\u00f6 Lue lis\u00e4\u00e4 &raquo;\" \/>\n<meta property=\"og:url\" content=\"https:\/\/www.noorusspahotel.com\/fi\/tietosuojakaytanto\/\" \/>\n<meta property=\"og:site_name\" content=\"Noorus SPA Hotel\" \/>\n<meta property=\"article:publisher\" content=\"https:\/\/www.facebook.com\/noorusspahotel\" \/>\n<meta property=\"article:modified_time\" content=\"2025-07-11T09:29:33+00:00\" \/>\n<meta property=\"og:image\" content=\"https:\/\/www.noorusspahotel.com\/wp-content\/uploads\/2022\/09\/IMG_0028-scaled.jpg\" \/>\n\t<meta property=\"og:image:width\" content=\"2560\" \/>\n\t<meta property=\"og:image:height\" content=\"1635\" \/>\n\t<meta property=\"og:image:type\" content=\"image\/jpeg\" \/>\n<meta name=\"twitter:card\" content=\"summary_large_image\" \/>\n<meta name=\"twitter:label1\" content=\"Arvioitu lukuaika\" \/>\n\t<meta name=\"twitter:data1\" content=\"3 minuuttia\" \/>\n<script type=\"application\/ld+json\" class=\"yoast-schema-graph\">{\"@context\":\"https:\/\/schema.org\",\"@graph\":[{\"@type\":\"WebPage\",\"@id\":\"https:\/\/www.noorusspahotel.com\/fi\/tietosuojakaytanto\/\",\"url\":\"https:\/\/www.noorusspahotel.com\/fi\/tietosuojakaytanto\/\",\"name\":\"Tietosuojak\u00e4yt\u00e4nt\u00f6 - Noorus SPA Hotel\",\"isPartOf\":{\"@id\":\"https:\/\/www.noorusspahotel.com\/#website\"},\"datePublished\":\"2022-09-19T15:59:18+00:00\",\"dateModified\":\"2025-07-11T09:29:33+00:00\",\"breadcrumb\":{\"@id\":\"https:\/\/www.noorusspahotel.com\/fi\/tietosuojakaytanto\/#breadcrumb\"},\"inLanguage\":\"fi\",\"potentialAction\":[{\"@type\":\"ReadAction\",\"target\":[\"https:\/\/www.noorusspahotel.com\/fi\/tietosuojakaytanto\/\"]}]},{\"@type\":\"BreadcrumbList\",\"@id\":\"https:\/\/www.noorusspahotel.com\/fi\/tietosuojakaytanto\/#breadcrumb\",\"itemListElement\":[{\"@type\":\"ListItem\",\"position\":1,\"name\":\"Home\",\"item\":\"https:\/\/www.noorusspahotel.com\/fi\/\"},{\"@type\":\"ListItem\",\"position\":2,\"name\":\"Tietosuojak\u00e4yt\u00e4nt\u00f6\"}]},{\"@type\":\"WebSite\",\"@id\":\"https:\/\/www.noorusspahotel.com\/#website\",\"url\":\"https:\/\/www.noorusspahotel.com\/\",\"name\":\"Noorus SPA Hotel\",\"description\":\"Spa puhkus ja meelelahutus Eestis\",\"publisher\":{\"@id\":\"https:\/\/www.noorusspahotel.com\/#organization\"},\"potentialAction\":[{\"@type\":\"SearchAction\",\"target\":{\"@type\":\"EntryPoint\",\"urlTemplate\":\"https:\/\/www.noorusspahotel.com\/?s={search_term_string}\"},\"query-input\":\"required name=search_term_string\"}],\"inLanguage\":\"fi\"},{\"@type\":\"Organization\",\"@id\":\"https:\/\/www.noorusspahotel.com\/#organization\",\"name\":\"Noorus SPA Hotel\",\"url\":\"https:\/\/www.noorusspahotel.com\/\",\"logo\":{\"@type\":\"ImageObject\",\"inLanguage\":\"fi\",\"@id\":\"https:\/\/www.noorusspahotel.com\/#\/schema\/logo\/image\/\",\"url\":\"https:\/\/www.noorusspahotel.com\/wp-content\/uploads\/2022\/09\/noorus-logo-VK.jpg\",\"contentUrl\":\"https:\/\/www.noorusspahotel.com\/wp-content\/uploads\/2022\/09\/noorus-logo-VK.jpg\",\"width\":731,\"height\":514,\"caption\":\"Noorus SPA Hotel\"},\"image\":{\"@id\":\"https:\/\/www.noorusspahotel.com\/#\/schema\/logo\/image\/\"},\"sameAs\":[\"https:\/\/www.facebook.com\/noorusspahotel\",\"https:\/\/www.instagram.com\/noorusspahotel\/\"]}]}<\/script>\n<!-- \/ Yoast SEO Premium plugin. -->","yoast_head_json":{"title":"Tietosuojak\u00e4yt\u00e4nt\u00f6 - Noorus SPA Hotel","robots":{"index":"index","follow":"follow","max-snippet":"max-snippet:-1","max-image-preview":"max-image-preview:large","max-video-preview":"max-video-preview:-1"},"canonical":"https:\/\/www.noorusspahotel.com\/fi\/tietosuojakaytanto\/","og_locale":"fi_FI","og_type":"article","og_title":"Tietosuojak\u00e4yt\u00e4nt\u00f6","og_description":"Noorus O\u00dc:n tietosuojak\u00e4yt\u00e4nt\u00f6 Tietojen tallentaminen ja k\u00e4sittely T\u00e4ss\u00e4 Noorus O\u00dc:n ja sen tyt\u00e4ryhti\u00f6iden tietosuojak\u00e4yt\u00e4nn\u00f6ss\u00e4 m\u00e4\u00e4ritell\u00e4\u00e4n tavat, joilla Noorus SPA Hotel ja Liivarand SPA Hotel k\u00e4sittelev\u00e4t asiakkaiden ja muiden henkil\u00f6iden henkil\u00f6tietoja. Noorus O\u00dc:n (Noorus SPA Hotel ja Liivarand SPA Hotel) t\u00e4rkein arvo on asiakastyytyv\u00e4isyys. Tarjotakseen parasta asiakaspalvelua ja t\u00e4ytt\u00e4\u00e4kseen kaikki sopimussuhteet moitteettomasti, Noorus O\u00dc ker\u00e4\u00e4 ja &hellip; Tietosuojak\u00e4yt\u00e4nt\u00f6 Lue lis\u00e4\u00e4 &raquo;","og_url":"https:\/\/www.noorusspahotel.com\/fi\/tietosuojakaytanto\/","og_site_name":"Noorus SPA Hotel","article_publisher":"https:\/\/www.facebook.com\/noorusspahotel","article_modified_time":"2025-07-11T09:29:33+00:00","og_image":[{"width":2560,"height":1635,"url":"https:\/\/www.noorusspahotel.com\/wp-content\/uploads\/2022\/09\/IMG_0028-scaled.jpg","type":"image\/jpeg"}],"twitter_card":"summary_large_image","twitter_misc":{"Arvioitu lukuaika":"3 minuuttia"},"schema":{"@context":"https:\/\/schema.org","@graph":[{"@type":"WebPage","@id":"https:\/\/www.noorusspahotel.com\/fi\/tietosuojakaytanto\/","url":"https:\/\/www.noorusspahotel.com\/fi\/tietosuojakaytanto\/","name":"Tietosuojak\u00e4yt\u00e4nt\u00f6 - Noorus SPA Hotel","isPartOf":{"@id":"https:\/\/www.noorusspahotel.com\/#website"},"datePublished":"2022-09-19T15:59:18+00:00","dateModified":"2025-07-11T09:29:33+00:00","breadcrumb":{"@id":"https:\/\/www.noorusspahotel.com\/fi\/tietosuojakaytanto\/#breadcrumb"},"inLanguage":"fi","potentialAction":[{"@type":"ReadAction","target":["https:\/\/www.noorusspahotel.com\/fi\/tietosuojakaytanto\/"]}]},{"@type":"BreadcrumbList","@id":"https:\/\/www.noorusspahotel.com\/fi\/tietosuojakaytanto\/#breadcrumb","itemListElement":[{"@type":"ListItem","position":1,"name":"Home","item":"https:\/\/www.noorusspahotel.com\/fi\/"},{"@type":"ListItem","position":2,"name":"Tietosuojak\u00e4yt\u00e4nt\u00f6"}]},{"@type":"WebSite","@id":"https:\/\/www.noorusspahotel.com\/#website","url":"https:\/\/www.noorusspahotel.com\/","name":"Noorus SPA Hotel","description":"Spa puhkus ja meelelahutus Eestis","publisher":{"@id":"https:\/\/www.noorusspahotel.com\/#organization"},"potentialAction":[{"@type":"SearchAction","target":{"@type":"EntryPoint","urlTemplate":"https:\/\/www.noorusspahotel.com\/?s={search_term_string}"},"query-input":"required name=search_term_string"}],"inLanguage":"fi"},{"@type":"Organization","@id":"https:\/\/www.noorusspahotel.com\/#organization","name":"Noorus SPA Hotel","url":"https:\/\/www.noorusspahotel.com\/","logo":{"@type":"ImageObject","inLanguage":"fi","@id":"https:\/\/www.noorusspahotel.com\/#\/schema\/logo\/image\/","url":"https:\/\/www.noorusspahotel.com\/wp-content\/uploads\/2022\/09\/noorus-logo-VK.jpg","contentUrl":"https:\/\/www.noorusspahotel.com\/wp-content\/uploads\/2022\/09\/noorus-logo-VK.jpg","width":731,"height":514,"caption":"Noorus SPA Hotel"},"image":{"@id":"https:\/\/www.noorusspahotel.com\/#\/schema\/logo\/image\/"},"sameAs":["https:\/\/www.facebook.com\/noorusspahotel","https:\/\/www.instagram.com\/noorusspahotel\/"]}]}},"_links":{"self":[{"href":"https:\/\/www.noorusspahotel.com\/fi\/wp-json\/wp\/v2\/pages\/11882","targetHints":{"allow":["GET"]}}],"collection":[{"href":"https:\/\/www.noorusspahotel.com\/fi\/wp-json\/wp\/v2\/pages"}],"about":[{"href":"https:\/\/www.noorusspahotel.com\/fi\/wp-json\/wp\/v2\/types\/page"}],"author":[{"embeddable":true,"href":"https:\/\/www.noorusspahotel.com\/fi\/wp-json\/wp\/v2\/users\/1"}],"replies":[{"embeddable":true,"href":"https:\/\/www.noorusspahotel.com\/fi\/wp-json\/wp\/v2\/comments?post=11882"}],"version-history":[{"count":13,"href":"https:\/\/www.noorusspahotel.com\/fi\/wp-json\/wp\/v2\/pages\/11882\/revisions"}],"predecessor-version":[{"id":18378,"href":"https:\/\/www.noorusspahotel.com\/fi\/wp-json\/wp\/v2\/pages\/11882\/revisions\/18378"}],"wp:attachment":[{"href":"https:\/\/www.noorusspahotel.com\/fi\/wp-json\/wp\/v2\/media?parent=11882"}],"curies":[{"name":"wp","href":"https:\/\/api.w.org\/{rel}","templated":true}]}}