{"id":11641,"date":"2022-09-27T07:41:16","date_gmt":"2022-09-27T07:41:16","guid":{"rendered":"https:\/\/www.noorusspahotel.com\/?page_id=11641"},"modified":"2024-05-24T07:06:03","modified_gmt":"2024-05-24T07:06:03","slug":"erikoistarjoukset","status":"publish","type":"page","link":"https:\/\/www.noorusspahotel.com\/fi\/erikoistarjoukset\/","title":{"rendered":"ERIKOISTARJOUKSET"},"content":{"rendered":"\t\t<div data-elementor-type=\"wp-page\" data-elementor-id=\"11641\" class=\"elementor elementor-11641\" data-elementor-post-type=\"page\">\n\t\t\t\t\t\t<section class=\"elementor-section elementor-top-section elementor-element elementor-element-5e99916 elementor-section-boxed elementor-section-height-default elementor-section-height-default\" data-id=\"5e99916\" data-element_type=\"section\" data-settings=\"{&quot;background_background&quot;:&quot;classic&quot;}\">\n\t\t\t\t\t\t\t<div class=\"elementor-background-overlay\"><\/div>\n\t\t\t\t\t\t\t<div class=\"elementor-container elementor-column-gap-default\">\n\t\t\t\t\t<div class=\"elementor-column elementor-col-100 elementor-top-column elementor-element elementor-element-c96fac2\" data-id=\"c96fac2\" data-element_type=\"column\">\n\t\t\t<div class=\"elementor-widget-wrap\">\n\t\t\t\t\t\t\t<\/div>\n\t\t<\/div>\n\t\t\t\t\t<\/div>\n\t\t<\/section>\n\t\t\t\t<section class=\"elementor-section elementor-top-section elementor-element elementor-element-040c775 elementor-section-boxed elementor-section-height-default elementor-section-height-default\" data-id=\"040c775\" data-element_type=\"section\" data-settings=\"{&quot;background_background&quot;:&quot;classic&quot;}\">\n\t\t\t\t\t\t<div class=\"elementor-container elementor-column-gap-default\">\n\t\t\t\t\t<div class=\"elementor-column elementor-col-100 elementor-top-column elementor-element elementor-element-a9f0aaa\" data-id=\"a9f0aaa\" data-element_type=\"column\">\n\t\t\t<div class=\"elementor-widget-wrap elementor-element-populated\">\n\t\t\t\t\t\t<div class=\"elementor-element elementor-element-ebaba08 elementor-widget elementor-widget-text-editor\" data-id=\"ebaba08\" data-element_type=\"widget\" data-widget_type=\"text-editor.default\">\n\t\t\t\t<div class=\"elementor-widget-container\">\n\t\t\t\t\t\t\t<h5 style=\"text-align: center;\">NOORUS SPA HOTEL<\/h5><h1 style=\"text-align: center;\">Erikoistarjoukset\u00a0<\/h1><p style=\"text-align: center;\"><span style=\"color: #000000;\">Tutustu erikoistarjouksiimme ja kampanjoihimme<\/span><\/p>\t\t\t\t\t\t<\/div>\n\t\t\t\t<\/div>\n\t\t\t\t<section class=\"elementor-section elementor-inner-section elementor-element elementor-element-a5014b8 elementor-section-boxed elementor-section-height-default elementor-section-height-default\" data-id=\"a5014b8\" data-element_type=\"section\">\n\t\t\t\t\t\t<div class=\"elementor-container elementor-column-gap-default\">\n\t\t\t\t\t<div class=\"elementor-column elementor-col-25 elementor-inner-column elementor-element elementor-element-29a6584\" data-id=\"29a6584\" data-element_type=\"column\">\n\t\t\t<div class=\"elementor-widget-wrap elementor-element-populated\">\n\t\t\t\t\t\t<div class=\"elementor-element elementor-element-6b9390b elementor-widget elementor-widget-image\" data-id=\"6b9390b\" data-element_type=\"widget\" data-widget_type=\"image.default\">\n\t\t\t\t<div class=\"elementor-widget-container\">\n\t\t\t\t\t\t\t\t\t\t\t\t\t\t<a href=\"https:\/\/www.noorusspahotel.com\/wellness-eri\/\">\n\t\t\t\t\t\t\t<img fetchpriority=\"high\" decoding=\"async\" width=\"1024\" height=\"683\" src=\"https:\/\/www.noorusspahotel.com\/wp-content\/uploads\/2022\/10\/shutterstock_391998256-1024x683.jpg\" class=\"elementor-animation-grow attachment-large size-large wp-image-2912\" alt=\"\" srcset=\"https:\/\/www.noorusspahotel.com\/wp-content\/uploads\/2022\/10\/shutterstock_391998256-1024x683.jpg 1024w, https:\/\/www.noorusspahotel.com\/wp-content\/uploads\/2022\/10\/shutterstock_391998256-300x200.jpg 300w, https:\/\/www.noorusspahotel.com\/wp-content\/uploads\/2022\/10\/shutterstock_391998256-768x512.jpg 768w, https:\/\/www.noorusspahotel.com\/wp-content\/uploads\/2022\/10\/shutterstock_391998256-1536x1024.jpg 1536w, https:\/\/www.noorusspahotel.com\/wp-content\/uploads\/2022\/10\/shutterstock_391998256-2048x1365.jpg 2048w\" sizes=\"(max-width: 1024px) 100vw, 1024px\" \/>\t\t\t\t\t\t\t\t<\/a>\n\t\t\t\t\t\t\t\t\t\t\t\t\t<\/div>\n\t\t\t\t<\/div>\n\t\t\t\t<div class=\"elementor-element elementor-element-9978cc4 elementor-widget elementor-widget-text-editor\" data-id=\"9978cc4\" data-element_type=\"widget\" data-widget_type=\"text-editor.default\">\n\t\t\t\t<div class=\"elementor-widget-container\">\n\t\t\t\t\t\t\t<h6 style=\"text-align: center;\">Wellness kuukausitarjoukset<\/h6><h4 style=\"text-align: center;\">HOIDOT<\/h4><p style=\"text-align: center;\"><span style=\"color: #000000;\">Kev\u00e4t on uuden alun ja raikkaan tyylin aikaa. \u00c4l\u00e4 missaa tilaisuutta kev\u00e4tmuutokseen. Varaa aika rentouttaviin hoitoihin ja nauti uuden energian ja tyylin juhlasta<\/span><\/p>\t\t\t\t\t\t<\/div>\n\t\t\t\t<\/div>\n\t\t\t\t<div class=\"elementor-element elementor-element-e123135 elementor-widget elementor-widget-text-editor\" data-id=\"e123135\" data-element_type=\"widget\" data-settings=\"{&quot;_animation&quot;:&quot;none&quot;}\" data-widget_type=\"text-editor.default\">\n\t\t\t\t<div class=\"elementor-widget-container\">\n\t\t\t\t\t\t\t<p style=\"text-align: center;\"><span style=\"color: #000000;\"><a style=\"color: #000000;\" href=\"https:\/\/www.noorusspahotel.com\/wellness-eri\">LUE LIS\u00c4\u00c4<\/a><\/span><\/p>\t\t\t\t\t\t<\/div>\n\t\t\t\t<\/div>\n\t\t\t\t<div class=\"elementor-element elementor-element-4fe95f4 elementor-widget elementor-widget-spacer\" data-id=\"4fe95f4\" data-element_type=\"widget\" data-widget_type=\"spacer.default\">\n\t\t\t\t<div class=\"elementor-widget-container\">\n\t\t\t\t\t<div class=\"elementor-spacer\">\n\t\t\t<div class=\"elementor-spacer-inner\"><\/div>\n\t\t<\/div>\n\t\t\t\t<\/div>\n\t\t\t\t<\/div>\n\t\t\t\t\t<\/div>\n\t\t<\/div>\n\t\t\t\t<div class=\"elementor-column elementor-col-25 elementor-inner-column elementor-element elementor-element-f618af9\" data-id=\"f618af9\" data-element_type=\"column\">\n\t\t\t<div class=\"elementor-widget-wrap elementor-element-populated\">\n\t\t\t\t\t\t<div class=\"elementor-element elementor-element-7dc8d56 elementor-widget elementor-widget-image\" data-id=\"7dc8d56\" data-element_type=\"widget\" data-widget_type=\"image.default\">\n\t\t\t\t<div class=\"elementor-widget-container\">\n\t\t\t\t\t\t\t\t\t\t\t\t\t\t<a href=\"https:\/\/www.noorusspahotel.com\/baltimaade-maitse\/\">\n\t\t\t\t\t\t\t<img decoding=\"async\" width=\"1024\" height=\"683\" src=\"https:\/\/www.noorusspahotel.com\/wp-content\/uploads\/2022\/10\/noorus2-small-1024x683.jpg\" class=\"elementor-animation-grow attachment-large size-large wp-image-2960\" alt=\"\" srcset=\"https:\/\/www.noorusspahotel.com\/wp-content\/uploads\/2022\/10\/noorus2-small-1024x683.jpg 1024w, https:\/\/www.noorusspahotel.com\/wp-content\/uploads\/2022\/10\/noorus2-small-300x200.jpg 300w, https:\/\/www.noorusspahotel.com\/wp-content\/uploads\/2022\/10\/noorus2-small-768x512.jpg 768w, https:\/\/www.noorusspahotel.com\/wp-content\/uploads\/2022\/10\/noorus2-small-1536x1024.jpg 1536w, https:\/\/www.noorusspahotel.com\/wp-content\/uploads\/2022\/10\/noorus2-small.jpg 1701w\" sizes=\"(max-width: 1024px) 100vw, 1024px\" \/>\t\t\t\t\t\t\t\t<\/a>\n\t\t\t\t\t\t\t\t\t\t\t\t\t<\/div>\n\t\t\t\t<\/div>\n\t\t\t\t<div class=\"elementor-element elementor-element-1a89519 elementor-widget elementor-widget-text-editor\" data-id=\"1a89519\" data-element_type=\"widget\" data-widget_type=\"text-editor.default\">\n\t\t\t\t<div class=\"elementor-widget-container\">\n\t\t\t\t\t\t\t<h6 style=\"text-align: center;\">Majoituspaketti<\/h6><h4 style=\"text-align: center;\">BALTIAN MAUT<\/h4><p style=\"text-align: center;\"><span style=\"color: #000000;\">Viron h\u00e4mm\u00e4stytt\u00e4v\u00e4 kulinaarinen perinne on kehittynyt vuosisatojen aikana. Baltian maiden keitti\u00f6t\u00e4 on aina pidetty ruokaisana, maukkaana ja luonnosta ammentavana. K\u00e4yt\u00e4mme tuoreita paikallisia raaka-aineita ja kiinnit\u00e4mme erityist\u00e4 huomiota ruoan terveellisyyteen<\/span><\/p>\t\t\t\t\t\t<\/div>\n\t\t\t\t<\/div>\n\t\t\t\t<div class=\"elementor-element elementor-element-3c5aeb5 elementor-widget elementor-widget-text-editor\" data-id=\"3c5aeb5\" data-element_type=\"widget\" data-settings=\"{&quot;_animation&quot;:&quot;none&quot;}\" data-widget_type=\"text-editor.default\">\n\t\t\t\t<div class=\"elementor-widget-container\">\n\t\t\t\t\t\t\t<p style=\"text-align: center;\"><span style=\"color: #000000;\"><a style=\"color: #000000;\" href=\"https:\/\/www.noorusspahotel.com\/baltimaade-maitse\/\">LUE LIS\u00c4\u00c4<\/a><\/span><\/p>\t\t\t\t\t\t<\/div>\n\t\t\t\t<\/div>\n\t\t\t\t<div class=\"elementor-element elementor-element-afd07b5 elementor-widget elementor-widget-spacer\" data-id=\"afd07b5\" data-element_type=\"widget\" data-widget_type=\"spacer.default\">\n\t\t\t\t<div class=\"elementor-widget-container\">\n\t\t\t\t\t<div class=\"elementor-spacer\">\n\t\t\t<div class=\"elementor-spacer-inner\"><\/div>\n\t\t<\/div>\n\t\t\t\t<\/div>\n\t\t\t\t<\/div>\n\t\t\t\t\t<\/div>\n\t\t<\/div>\n\t\t\t\t<div class=\"elementor-column elementor-col-25 elementor-inner-column elementor-element elementor-element-7a1fc2e\" data-id=\"7a1fc2e\" data-element_type=\"column\">\n\t\t\t<div class=\"elementor-widget-wrap elementor-element-populated\">\n\t\t\t\t\t\t<div class=\"elementor-element elementor-element-5bec92c elementor-widget elementor-widget-image\" data-id=\"5bec92c\" data-element_type=\"widget\" data-widget_type=\"image.default\">\n\t\t\t\t<div class=\"elementor-widget-container\">\n\t\t\t\t\t\t\t\t\t\t\t\t\t\t<a href=\"https:\/\/www.noorusspahotel.com\/23-2\/\">\n\t\t\t\t\t\t\t<img decoding=\"async\" width=\"1024\" height=\"683\" src=\"https:\/\/www.noorusspahotel.com\/wp-content\/uploads\/2022\/10\/4712-1024x683.jpg\" class=\"elementor-animation-grow attachment-large size-large wp-image-2913\" alt=\"\" srcset=\"https:\/\/www.noorusspahotel.com\/wp-content\/uploads\/2022\/10\/4712-1024x683.jpg 1024w, https:\/\/www.noorusspahotel.com\/wp-content\/uploads\/2022\/10\/4712-300x200.jpg 300w, https:\/\/www.noorusspahotel.com\/wp-content\/uploads\/2022\/10\/4712-768x512.jpg 768w, https:\/\/www.noorusspahotel.com\/wp-content\/uploads\/2022\/10\/4712-1536x1024.jpg 1536w, https:\/\/www.noorusspahotel.com\/wp-content\/uploads\/2022\/10\/4712-2048x1365.jpg 2048w\" sizes=\"(max-width: 1024px) 100vw, 1024px\" \/>\t\t\t\t\t\t\t\t<\/a>\n\t\t\t\t\t\t\t\t\t\t\t\t\t<\/div>\n\t\t\t\t<\/div>\n\t\t\t\t<div class=\"elementor-element elementor-element-4c11bc2 elementor-widget elementor-widget-text-editor\" data-id=\"4c11bc2\" data-element_type=\"widget\" data-widget_type=\"text-editor.default\">\n\t\t\t\t<div class=\"elementor-widget-container\">\n\t\t\t\t\t\t\t<h6 style=\"text-align: center;\">Majoituspaketti<\/h6><h4 style=\"text-align: center;\">2=3<\/h4><p style=\"text-align: center;\"><span style=\"color: #000000;\">Varaa kolmeksi y\u00f6ksi, maksa vain kahdesta. Voimassa sunnuntaista torstaihin. Ihanteellista aikaa nauttia rauhallisesta tunnelmasta<\/span><\/p>\t\t\t\t\t\t<\/div>\n\t\t\t\t<\/div>\n\t\t\t\t<div class=\"elementor-element elementor-element-ddd0c71 elementor-widget elementor-widget-text-editor\" data-id=\"ddd0c71\" data-element_type=\"widget\" data-settings=\"{&quot;_animation&quot;:&quot;none&quot;}\" data-widget_type=\"text-editor.default\">\n\t\t\t\t<div class=\"elementor-widget-container\">\n\t\t\t\t\t\t\t<p style=\"text-align: center;\"><span style=\"color: #000000;\"><a style=\"color: #000000;\" href=\"https:\/\/www.noorusspahotel.com\/23-2\/\">LUE LIS\u00c4\u00c4<\/a><\/span><\/p>\t\t\t\t\t\t<\/div>\n\t\t\t\t<\/div>\n\t\t\t\t<div class=\"elementor-element elementor-element-06da6e9 elementor-widget elementor-widget-spacer\" data-id=\"06da6e9\" data-element_type=\"widget\" data-widget_type=\"spacer.default\">\n\t\t\t\t<div class=\"elementor-widget-container\">\n\t\t\t\t\t<div class=\"elementor-spacer\">\n\t\t\t<div class=\"elementor-spacer-inner\"><\/div>\n\t\t<\/div>\n\t\t\t\t<\/div>\n\t\t\t\t<\/div>\n\t\t\t\t\t<\/div>\n\t\t<\/div>\n\t\t\t\t<div class=\"elementor-column elementor-col-25 elementor-inner-column elementor-element elementor-element-a584c81\" data-id=\"a584c81\" data-element_type=\"column\">\n\t\t\t<div class=\"elementor-widget-wrap elementor-element-populated\">\n\t\t\t\t\t\t<div class=\"elementor-element elementor-element-90bafbd elementor-widget elementor-widget-image\" data-id=\"90bafbd\" data-element_type=\"widget\" data-widget_type=\"image.default\">\n\t\t\t\t<div class=\"elementor-widget-container\">\n\t\t\t\t\t\t\t\t\t\t\t\t\t\t<a href=\"https:\/\/www.noorusspahotel.com\/eripakkumised\/tervendavpakett-hiiumaa-ravimudaga\/\">\n\t\t\t\t\t\t\t<img loading=\"lazy\" decoding=\"async\" width=\"1024\" height=\"682\" src=\"https:\/\/www.noorusspahotel.com\/wp-content\/uploads\/2023\/02\/towel-rose-clean-759980-1024x682.jpg\" class=\"elementor-animation-grow attachment-large size-large wp-image-9323\" alt=\"towel, rose, clean-759980.jpg\" srcset=\"https:\/\/www.noorusspahotel.com\/wp-content\/uploads\/2023\/02\/towel-rose-clean-759980-1024x682.jpg 1024w, https:\/\/www.noorusspahotel.com\/wp-content\/uploads\/2023\/02\/towel-rose-clean-759980-300x200.jpg 300w, https:\/\/www.noorusspahotel.com\/wp-content\/uploads\/2023\/02\/towel-rose-clean-759980-768x512.jpg 768w, https:\/\/www.noorusspahotel.com\/wp-content\/uploads\/2023\/02\/towel-rose-clean-759980.jpg 1280w\" sizes=\"(max-width: 1024px) 100vw, 1024px\" \/>\t\t\t\t\t\t\t\t<\/a>\n\t\t\t\t\t\t\t\t\t\t\t\t\t<\/div>\n\t\t\t\t<\/div>\n\t\t\t\t<div class=\"elementor-element elementor-element-7a83480 elementor-widget elementor-widget-text-editor\" data-id=\"7a83480\" data-element_type=\"widget\" data-widget_type=\"text-editor.default\">\n\t\t\t\t<div class=\"elementor-widget-container\">\n\t\t\t\t\t\t\t<h6 style=\"text-align: center;\"><span style=\"color: #000000;\">Majoituspaketti<\/span><\/h6><h5 style=\"text-align: center;\">PAKETTI HIIDENMAAN PARANTAVIEN YRTTIEN KANSSA<\/h5><p style=\"text-align: center;\"><span style=\"color: #000000;\">Parantava muta tarjoaa luonnollisen ja tehokkaan ratkaisun erilaisiin iho- ja terveysongelmiin<\/span><\/p>\t\t\t\t\t\t<\/div>\n\t\t\t\t<\/div>\n\t\t\t\t<div class=\"elementor-element elementor-element-466a30c elementor-widget elementor-widget-text-editor\" data-id=\"466a30c\" data-element_type=\"widget\" data-settings=\"{&quot;_animation&quot;:&quot;none&quot;}\" data-widget_type=\"text-editor.default\">\n\t\t\t\t<div class=\"elementor-widget-container\">\n\t\t\t\t\t\t\t<p style=\"text-align: center;\"><span style=\"color: #000000;\"><a style=\"color: #000000;\" href=\"https:\/\/www.noorusspahotel.com\/eripakkumised\/tervendavpakett-hiiumaa-ravimudaga\/\">LUE LIS\u00c4\u00c4<\/a><\/span><\/p>\t\t\t\t\t\t<\/div>\n\t\t\t\t<\/div>\n\t\t\t\t\t<\/div>\n\t\t<\/div>\n\t\t\t\t\t<\/div>\n\t\t<\/section>\n\t\t\t\t\t<\/div>\n\t\t<\/div>\n\t\t\t\t\t<\/div>\n\t\t<\/section>\n\t\t\t\t<section class=\"elementor-section elementor-top-section elementor-element elementor-element-f7d457e elementor-section-boxed elementor-section-height-default elementor-section-height-default\" data-id=\"f7d457e\" data-element_type=\"section\" data-settings=\"{&quot;background_background&quot;:&quot;classic&quot;}\">\n\t\t\t\t\t\t<div class=\"elementor-container elementor-column-gap-no\">\n\t\t\t\t\t<div class=\"elementor-column elementor-col-100 elementor-top-column elementor-element elementor-element-1d44b86\" data-id=\"1d44b86\" data-element_type=\"column\">\n\t\t\t<div class=\"elementor-widget-wrap elementor-element-populated\">\n\t\t\t\t\t\t<div class=\"elementor-element elementor-element-2e6a978 elementor-widget elementor-widget-heading\" data-id=\"2e6a978\" data-element_type=\"widget\" data-widget_type=\"heading.default\">\n\t\t\t\t<div class=\"elementor-widget-container\">\n\t\t\t<h2 class=\"elementor-heading-title elementor-size-default\">Unohtumattomia el\u00e4myksi\u00e4<\/h2>\t\t<\/div>\n\t\t\t\t<\/div>\n\t\t\t\t<div class=\"elementor-element elementor-element-9faf1be elementor-widget elementor-widget-heading\" data-id=\"9faf1be\" data-element_type=\"widget\" data-widget_type=\"heading.default\">\n\t\t\t\t<div class=\"elementor-widget-container\">\n\t\t\t<h2 class=\"elementor-heading-title elementor-size-default\">Noorus SPA Hotel<\/h2>\t\t<\/div>\n\t\t\t\t<\/div>\n\t\t\t\t<div class=\"elementor-element elementor-element-1f23905 elementor-align-center elementor-widget elementor-widget-button\" data-id=\"1f23905\" data-element_type=\"widget\" data-widget_type=\"button.default\">\n\t\t\t\t<div class=\"elementor-widget-container\">\n\t\t\t\t\t\t\t<div class=\"elementor-button-wrapper\">\n\t\t\t\t\t<a class=\"elementor-button elementor-button-link elementor-size-xs elementor-animation-grow\" href=\"https:\/\/ibe.smarthotel.nl\/?id=c35cbc01-559f-40e3-a565-808b5448342c\" target=\"_blank\">\n\t\t\t\t\t\t<span class=\"elementor-button-content-wrapper\">\n\t\t\t\t\t\t\t\t\t<span class=\"elementor-button-text\">VARAA<\/span>\n\t\t\t\t\t<\/span>\n\t\t\t\t\t<\/a>\n\t\t\t\t<\/div>\n\t\t\t\t\t\t<\/div>\n\t\t\t\t<\/div>\n\t\t\t\t\t<\/div>\n\t\t<\/div>\n\t\t\t\t\t<\/div>\n\t\t<\/section>\n\t\t\t\t<\/div>\n\t\t","protected":false},"excerpt":{"rendered":"<p>NOORUS SPA HOTEL Erikoistarjoukset\u00a0 Tutustu erikoistarjouksiimme ja kampanjoihimme Wellness kuukausitarjoukset HOIDOT Kev\u00e4t on uuden alun ja raikkaan tyylin aikaa. \u00c4l\u00e4 missaa tilaisuutta kev\u00e4tmuutokseen. Varaa aika rentouttaviin hoitoihin ja nauti uuden energian ja tyylin juhlasta LUE LIS\u00c4\u00c4 Majoituspaketti BALTIAN MAUT Viron h\u00e4mm\u00e4stytt\u00e4v\u00e4 kulinaarinen perinne on kehittynyt vuosisatojen aikana. Baltian maiden keitti\u00f6t\u00e4 on aina pidetty ruokaisana, maukkaana &hellip;<\/p>\n<p class=\"read-more\"> <a class=\"\" href=\"https:\/\/www.noorusspahotel.com\/fi\/erikoistarjoukset\/\"> <span class=\"screen-reader-text\">ERIKOISTARJOUKSET<\/span> Lue lis\u00e4\u00e4 &raquo;<\/a><\/p>\n","protected":false},"author":1,"featured_media":0,"parent":0,"menu_order":0,"comment_status":"closed","ping_status":"closed","template":"","meta":{"site-sidebar-layout":"no-sidebar","site-content-layout":"page-builder","ast-global-header-display":"","ast-main-header-display":"","ast-hfb-above-header-display":"","ast-hfb-below-header-display":"","ast-hfb-mobile-header-display":"","site-post-title":"disabled","ast-breadcrumbs-content":"","ast-featured-img":"disabled","footer-sml-layout":"","theme-transparent-header-meta":"enabled","adv-header-id-meta":"","stick-header-meta":"","header-above-stick-meta":"","header-main-stick-meta":"","header-below-stick-meta":"","footnotes":""},"class_list":["post-11641","page","type-page","status-publish","hentry"],"yoast_head":"<!-- This site is optimized with the Yoast SEO Premium plugin v22.0 (Yoast SEO v22.1) - https:\/\/yoast.com\/wordpress\/plugins\/seo\/ -->\n<title>ERIKOISTARJOUKSET - Noorus SPA Hotel<\/title>\n<meta name=\"robots\" content=\"index, follow, max-snippet:-1, max-image-preview:large, max-video-preview:-1\" \/>\n<link rel=\"canonical\" href=\"https:\/\/www.noorusspahotel.com\/fi\/erikoistarjoukset\/\" \/>\n<meta property=\"og:locale\" content=\"fi_FI\" \/>\n<meta property=\"og:type\" content=\"article\" \/>\n<meta property=\"og:title\" content=\"ERIKOISTARJOUKSET\" \/>\n<meta property=\"og:description\" content=\"NOORUS SPA HOTEL Erikoistarjoukset\u00a0 Tutustu erikoistarjouksiimme ja kampanjoihimme Wellness kuukausitarjoukset HOIDOT Kev\u00e4t on uuden alun ja raikkaan tyylin aikaa. \u00c4l\u00e4 missaa tilaisuutta kev\u00e4tmuutokseen. Varaa aika rentouttaviin hoitoihin ja nauti uuden energian ja tyylin juhlasta LUE LIS\u00c4\u00c4 Majoituspaketti BALTIAN MAUT Viron h\u00e4mm\u00e4stytt\u00e4v\u00e4 kulinaarinen perinne on kehittynyt vuosisatojen aikana. Baltian maiden keitti\u00f6t\u00e4 on aina pidetty ruokaisana, maukkaana &hellip; ERIKOISTARJOUKSET Lue lis\u00e4\u00e4 &raquo;\" \/>\n<meta property=\"og:url\" content=\"https:\/\/www.noorusspahotel.com\/fi\/erikoistarjoukset\/\" \/>\n<meta property=\"og:site_name\" content=\"Noorus SPA Hotel\" \/>\n<meta property=\"article:publisher\" content=\"https:\/\/www.facebook.com\/noorusspahotel\" \/>\n<meta property=\"article:modified_time\" content=\"2024-05-24T07:06:03+00:00\" \/>\n<meta property=\"og:image\" content=\"https:\/\/www.noorusspahotel.com\/wp-content\/uploads\/2022\/10\/shutterstock_391998256-1024x683.jpg\" \/>\n<meta name=\"twitter:card\" content=\"summary_large_image\" \/>\n<meta name=\"twitter:label1\" content=\"Arvioitu lukuaika\" \/>\n\t<meta name=\"twitter:data1\" content=\"2 minuuttia\" \/>\n<script type=\"application\/ld+json\" class=\"yoast-schema-graph\">{\"@context\":\"https:\/\/schema.org\",\"@graph\":[{\"@type\":\"WebPage\",\"@id\":\"https:\/\/www.noorusspahotel.com\/fi\/erikoistarjoukset\/\",\"url\":\"https:\/\/www.noorusspahotel.com\/fi\/erikoistarjoukset\/\",\"name\":\"ERIKOISTARJOUKSET - Noorus SPA Hotel\",\"isPartOf\":{\"@id\":\"https:\/\/www.noorusspahotel.com\/#website\"},\"datePublished\":\"2022-09-27T07:41:16+00:00\",\"dateModified\":\"2024-05-24T07:06:03+00:00\",\"breadcrumb\":{\"@id\":\"https:\/\/www.noorusspahotel.com\/fi\/erikoistarjoukset\/#breadcrumb\"},\"inLanguage\":\"fi\",\"potentialAction\":[{\"@type\":\"ReadAction\",\"target\":[\"https:\/\/www.noorusspahotel.com\/fi\/erikoistarjoukset\/\"]}]},{\"@type\":\"BreadcrumbList\",\"@id\":\"https:\/\/www.noorusspahotel.com\/fi\/erikoistarjoukset\/#breadcrumb\",\"itemListElement\":[{\"@type\":\"ListItem\",\"position\":1,\"name\":\"Home\",\"item\":\"https:\/\/www.noorusspahotel.com\/fi\/\"},{\"@type\":\"ListItem\",\"position\":2,\"name\":\"ERIKOISTARJOUKSET\"}]},{\"@type\":\"WebSite\",\"@id\":\"https:\/\/www.noorusspahotel.com\/#website\",\"url\":\"https:\/\/www.noorusspahotel.com\/\",\"name\":\"Noorus SPA Hotel\",\"description\":\"Spa puhkus ja meelelahutus Eestis\",\"publisher\":{\"@id\":\"https:\/\/www.noorusspahotel.com\/#organization\"},\"potentialAction\":[{\"@type\":\"SearchAction\",\"target\":{\"@type\":\"EntryPoint\",\"urlTemplate\":\"https:\/\/www.noorusspahotel.com\/?s={search_term_string}\"},\"query-input\":\"required name=search_term_string\"}],\"inLanguage\":\"fi\"},{\"@type\":\"Organization\",\"@id\":\"https:\/\/www.noorusspahotel.com\/#organization\",\"name\":\"Noorus SPA Hotel\",\"url\":\"https:\/\/www.noorusspahotel.com\/\",\"logo\":{\"@type\":\"ImageObject\",\"inLanguage\":\"fi\",\"@id\":\"https:\/\/www.noorusspahotel.com\/#\/schema\/logo\/image\/\",\"url\":\"https:\/\/www.noorusspahotel.com\/wp-content\/uploads\/2022\/09\/noorus-logo-VK.jpg\",\"contentUrl\":\"https:\/\/www.noorusspahotel.com\/wp-content\/uploads\/2022\/09\/noorus-logo-VK.jpg\",\"width\":731,\"height\":514,\"caption\":\"Noorus SPA Hotel\"},\"image\":{\"@id\":\"https:\/\/www.noorusspahotel.com\/#\/schema\/logo\/image\/\"},\"sameAs\":[\"https:\/\/www.facebook.com\/noorusspahotel\",\"https:\/\/www.instagram.com\/noorusspahotel\/\"]}]}<\/script>\n<!-- \/ Yoast SEO Premium plugin. -->","yoast_head_json":{"title":"ERIKOISTARJOUKSET - Noorus SPA Hotel","robots":{"index":"index","follow":"follow","max-snippet":"max-snippet:-1","max-image-preview":"max-image-preview:large","max-video-preview":"max-video-preview:-1"},"canonical":"https:\/\/www.noorusspahotel.com\/fi\/erikoistarjoukset\/","og_locale":"fi_FI","og_type":"article","og_title":"ERIKOISTARJOUKSET","og_description":"NOORUS SPA HOTEL Erikoistarjoukset\u00a0 Tutustu erikoistarjouksiimme ja kampanjoihimme Wellness kuukausitarjoukset HOIDOT Kev\u00e4t on uuden alun ja raikkaan tyylin aikaa. \u00c4l\u00e4 missaa tilaisuutta kev\u00e4tmuutokseen. Varaa aika rentouttaviin hoitoihin ja nauti uuden energian ja tyylin juhlasta LUE LIS\u00c4\u00c4 Majoituspaketti BALTIAN MAUT Viron h\u00e4mm\u00e4stytt\u00e4v\u00e4 kulinaarinen perinne on kehittynyt vuosisatojen aikana. Baltian maiden keitti\u00f6t\u00e4 on aina pidetty ruokaisana, maukkaana &hellip; ERIKOISTARJOUKSET Lue lis\u00e4\u00e4 &raquo;","og_url":"https:\/\/www.noorusspahotel.com\/fi\/erikoistarjoukset\/","og_site_name":"Noorus SPA Hotel","article_publisher":"https:\/\/www.facebook.com\/noorusspahotel","article_modified_time":"2024-05-24T07:06:03+00:00","og_image":[{"url":"https:\/\/www.noorusspahotel.com\/wp-content\/uploads\/2022\/10\/shutterstock_391998256-1024x683.jpg"}],"twitter_card":"summary_large_image","twitter_misc":{"Arvioitu lukuaika":"2 minuuttia"},"schema":{"@context":"https:\/\/schema.org","@graph":[{"@type":"WebPage","@id":"https:\/\/www.noorusspahotel.com\/fi\/erikoistarjoukset\/","url":"https:\/\/www.noorusspahotel.com\/fi\/erikoistarjoukset\/","name":"ERIKOISTARJOUKSET - Noorus SPA Hotel","isPartOf":{"@id":"https:\/\/www.noorusspahotel.com\/#website"},"datePublished":"2022-09-27T07:41:16+00:00","dateModified":"2024-05-24T07:06:03+00:00","breadcrumb":{"@id":"https:\/\/www.noorusspahotel.com\/fi\/erikoistarjoukset\/#breadcrumb"},"inLanguage":"fi","potentialAction":[{"@type":"ReadAction","target":["https:\/\/www.noorusspahotel.com\/fi\/erikoistarjoukset\/"]}]},{"@type":"BreadcrumbList","@id":"https:\/\/www.noorusspahotel.com\/fi\/erikoistarjoukset\/#breadcrumb","itemListElement":[{"@type":"ListItem","position":1,"name":"Home","item":"https:\/\/www.noorusspahotel.com\/fi\/"},{"@type":"ListItem","position":2,"name":"ERIKOISTARJOUKSET"}]},{"@type":"WebSite","@id":"https:\/\/www.noorusspahotel.com\/#website","url":"https:\/\/www.noorusspahotel.com\/","name":"Noorus SPA Hotel","description":"Spa puhkus ja meelelahutus Eestis","publisher":{"@id":"https:\/\/www.noorusspahotel.com\/#organization"},"potentialAction":[{"@type":"SearchAction","target":{"@type":"EntryPoint","urlTemplate":"https:\/\/www.noorusspahotel.com\/?s={search_term_string}"},"query-input":"required name=search_term_string"}],"inLanguage":"fi"},{"@type":"Organization","@id":"https:\/\/www.noorusspahotel.com\/#organization","name":"Noorus SPA Hotel","url":"https:\/\/www.noorusspahotel.com\/","logo":{"@type":"ImageObject","inLanguage":"fi","@id":"https:\/\/www.noorusspahotel.com\/#\/schema\/logo\/image\/","url":"https:\/\/www.noorusspahotel.com\/wp-content\/uploads\/2022\/09\/noorus-logo-VK.jpg","contentUrl":"https:\/\/www.noorusspahotel.com\/wp-content\/uploads\/2022\/09\/noorus-logo-VK.jpg","width":731,"height":514,"caption":"Noorus SPA Hotel"},"image":{"@id":"https:\/\/www.noorusspahotel.com\/#\/schema\/logo\/image\/"},"sameAs":["https:\/\/www.facebook.com\/noorusspahotel","https:\/\/www.instagram.com\/noorusspahotel\/"]}]}},"_links":{"self":[{"href":"https:\/\/www.noorusspahotel.com\/fi\/wp-json\/wp\/v2\/pages\/11641","targetHints":{"allow":["GET"]}}],"collection":[{"href":"https:\/\/www.noorusspahotel.com\/fi\/wp-json\/wp\/v2\/pages"}],"about":[{"href":"https:\/\/www.noorusspahotel.com\/fi\/wp-json\/wp\/v2\/types\/page"}],"author":[{"embeddable":true,"href":"https:\/\/www.noorusspahotel.com\/fi\/wp-json\/wp\/v2\/users\/1"}],"replies":[{"embeddable":true,"href":"https:\/\/www.noorusspahotel.com\/fi\/wp-json\/wp\/v2\/comments?post=11641"}],"version-history":[{"count":7,"href":"https:\/\/www.noorusspahotel.com\/fi\/wp-json\/wp\/v2\/pages\/11641\/revisions"}],"predecessor-version":[{"id":15543,"href":"https:\/\/www.noorusspahotel.com\/fi\/wp-json\/wp\/v2\/pages\/11641\/revisions\/15543"}],"wp:attachment":[{"href":"https:\/\/www.noorusspahotel.com\/fi\/wp-json\/wp\/v2\/media?parent=11641"}],"curies":[{"name":"wp","href":"https:\/\/api.w.org\/{rel}","templated":true}]}}