{"id":11605,"date":"2022-09-24T09:04:42","date_gmt":"2022-09-24T09:04:42","guid":{"rendered":"https:\/\/www.noorusspahotel.com\/?page_id=11605"},"modified":"2024-05-24T07:02:35","modified_gmt":"2024-05-24T07:02:35","slug":"ravintolat","status":"publish","type":"page","link":"https:\/\/www.noorusspahotel.com\/fi\/kotisivu\/ravintolat\/","title":{"rendered":"RAVINTOLAT"},"content":{"rendered":"\t\t<div data-elementor-type=\"wp-page\" data-elementor-id=\"11605\" class=\"elementor elementor-11605\" data-elementor-post-type=\"page\">\n\t\t\t\t\t\t<section class=\"elementor-section elementor-top-section elementor-element elementor-element-03b9559 elementor-section-boxed elementor-section-height-default elementor-section-height-default\" data-id=\"03b9559\" data-element_type=\"section\" data-settings=\"{&quot;background_background&quot;:&quot;classic&quot;}\">\n\t\t\t\t\t\t\t<div class=\"elementor-background-overlay\"><\/div>\n\t\t\t\t\t\t\t<div class=\"elementor-container elementor-column-gap-default\">\n\t\t\t\t\t<div class=\"elementor-column elementor-col-100 elementor-top-column elementor-element elementor-element-d4ff481\" data-id=\"d4ff481\" data-element_type=\"column\">\n\t\t\t<div class=\"elementor-widget-wrap\">\n\t\t\t\t\t\t\t<\/div>\n\t\t<\/div>\n\t\t\t\t\t<\/div>\n\t\t<\/section>\n\t\t\t\t<section class=\"elementor-section elementor-top-section elementor-element elementor-element-29a0668 elementor-section-boxed elementor-section-height-default elementor-section-height-default\" data-id=\"29a0668\" data-element_type=\"section\" data-settings=\"{&quot;background_background&quot;:&quot;classic&quot;}\">\n\t\t\t\t\t\t<div class=\"elementor-container elementor-column-gap-default\">\n\t\t\t\t\t<div class=\"elementor-column elementor-col-100 elementor-top-column elementor-element elementor-element-c500e34\" data-id=\"c500e34\" data-element_type=\"column\">\n\t\t\t<div class=\"elementor-widget-wrap elementor-element-populated\">\n\t\t\t\t\t\t<div class=\"elementor-element elementor-element-49bb0f3 elementor-widget elementor-widget-text-editor\" data-id=\"49bb0f3\" data-element_type=\"widget\" data-widget_type=\"text-editor.default\">\n\t\t\t\t<div class=\"elementor-widget-container\">\n\t\t\t\t\t\t\t<h5 style=\"text-align: center;\">KOE GOURMET<\/h5><h1 style=\"text-align: center;\">Ravintolat &amp; Baarit\u00a0<\/h1><p style=\"text-align: center;\"><span style=\"color: #000000;\">Meill\u00e4 koet kulinaarisen el\u00e4myksen mihin aikaan p\u00e4iv\u00e4st\u00e4 tahansa, lounaasta illalliseen, cocktaileihin ja erikoistarjouksiimme<\/span><\/p>\t\t\t\t\t\t<\/div>\n\t\t\t\t<\/div>\n\t\t\t\t<section class=\"elementor-section elementor-inner-section elementor-element elementor-element-7fef051 elementor-section-boxed elementor-section-height-default elementor-section-height-default\" data-id=\"7fef051\" data-element_type=\"section\">\n\t\t\t\t\t\t<div class=\"elementor-container elementor-column-gap-default\">\n\t\t\t\t\t<div class=\"elementor-column elementor-col-25 elementor-inner-column elementor-element elementor-element-95438ba\" data-id=\"95438ba\" data-element_type=\"column\">\n\t\t\t<div class=\"elementor-widget-wrap elementor-element-populated\">\n\t\t\t\t\t\t<div class=\"elementor-element elementor-element-8b978f1 elementor-widget elementor-widget-image\" data-id=\"8b978f1\" data-element_type=\"widget\" data-widget_type=\"image.default\">\n\t\t\t\t<div class=\"elementor-widget-container\">\n\t\t\t\t\t\t\t\t\t\t\t\t\t\t<a href=\"https:\/\/www.noorusspahotel.com\/fi\/romantic-garden-ravintola\/\">\n\t\t\t\t\t\t\t<img fetchpriority=\"high\" decoding=\"async\" width=\"683\" height=\"1024\" src=\"https:\/\/www.noorusspahotel.com\/wp-content\/uploads\/2022\/09\/IMG_054998-683x1024.jpg\" class=\"elementor-animation-grow attachment-large size-large wp-image-970\" alt=\"\" srcset=\"https:\/\/www.noorusspahotel.com\/wp-content\/uploads\/2022\/09\/IMG_054998-683x1024.jpg 683w, https:\/\/www.noorusspahotel.com\/wp-content\/uploads\/2022\/09\/IMG_054998-200x300.jpg 200w, https:\/\/www.noorusspahotel.com\/wp-content\/uploads\/2022\/09\/IMG_054998-768x1152.jpg 768w, https:\/\/www.noorusspahotel.com\/wp-content\/uploads\/2022\/09\/IMG_054998-1024x1536.jpg 1024w, https:\/\/www.noorusspahotel.com\/wp-content\/uploads\/2022\/09\/IMG_054998-1365x2048.jpg 1365w, https:\/\/www.noorusspahotel.com\/wp-content\/uploads\/2022\/09\/IMG_054998-scaled.jpg 1707w\" sizes=\"(max-width: 683px) 100vw, 683px\" \/>\t\t\t\t\t\t\t\t<\/a>\n\t\t\t\t\t\t\t\t\t\t\t\t\t<\/div>\n\t\t\t\t<\/div>\n\t\t\t\t<div class=\"elementor-element elementor-element-c7e2209 elementor-widget elementor-widget-text-editor\" data-id=\"c7e2209\" data-element_type=\"widget\" data-widget_type=\"text-editor.default\">\n\t\t\t\t<div class=\"elementor-widget-container\">\n\t\t\t\t\t\t\t<h4 style=\"text-align: center;\">RAVINTOLA &#8221;ROMANTIC GARDEN&#8221;\u00a0<\/h4><p style=\"text-align: center;\"><span style=\"color: #000000;\">Ravintolamme avaa romanttisia n\u00e4kymi\u00e4 Narva-J\u00f5esuun loiston p\u00e4iviin, ymp\u00e4r\u00f6iv\u00e4\u00e4n luontoon ja auringonlaskuun merell\u00e4. Ruokalistalla on paikallisia ruokia ja huolella valittuja herkkuja naapurimaiden ruokakulttuurista<\/span><\/p>\t\t\t\t\t\t<\/div>\n\t\t\t\t<\/div>\n\t\t\t\t<div class=\"elementor-element elementor-element-c769414 elementor-widget elementor-widget-text-editor\" data-id=\"c769414\" data-element_type=\"widget\" data-settings=\"{&quot;_animation&quot;:&quot;none&quot;}\" data-widget_type=\"text-editor.default\">\n\t\t\t\t<div class=\"elementor-widget-container\">\n\t\t\t\t\t\t\t<p style=\"text-align: center;\"><a href=\"https:\/\/www.noorusspahotel.com\/fi\/romantic-garden-ravintola\/\">LUE LIS\u00c4\u00c4<\/a><\/p>\t\t\t\t\t\t<\/div>\n\t\t\t\t<\/div>\n\t\t\t\t\t<\/div>\n\t\t<\/div>\n\t\t\t\t<div class=\"elementor-column elementor-col-25 elementor-inner-column elementor-element elementor-element-81e8f72\" data-id=\"81e8f72\" data-element_type=\"column\">\n\t\t\t<div class=\"elementor-widget-wrap elementor-element-populated\">\n\t\t\t\t\t\t<div class=\"elementor-element elementor-element-f56f8ab elementor-widget elementor-widget-image\" data-id=\"f56f8ab\" data-element_type=\"widget\" data-widget_type=\"image.default\">\n\t\t\t\t<div class=\"elementor-widget-container\">\n\t\t\t\t\t\t\t\t\t\t\t\t\t\t<a href=\"https:\/\/www.noorusspahotel.com\/peamine\/toitlustus\/pubi\/\">\n\t\t\t\t\t\t\t<img decoding=\"async\" width=\"683\" height=\"1024\" src=\"https:\/\/www.noorusspahotel.com\/wp-content\/uploads\/2022\/09\/IMG_108954-683x1024.jpg\" class=\"elementor-animation-grow attachment-large size-large wp-image-1021\" alt=\"\" srcset=\"https:\/\/www.noorusspahotel.com\/wp-content\/uploads\/2022\/09\/IMG_108954-683x1024.jpg 683w, https:\/\/www.noorusspahotel.com\/wp-content\/uploads\/2022\/09\/IMG_108954-200x300.jpg 200w, https:\/\/www.noorusspahotel.com\/wp-content\/uploads\/2022\/09\/IMG_108954-768x1152.jpg 768w, https:\/\/www.noorusspahotel.com\/wp-content\/uploads\/2022\/09\/IMG_108954-1024x1536.jpg 1024w, https:\/\/www.noorusspahotel.com\/wp-content\/uploads\/2022\/09\/IMG_108954-1365x2048.jpg 1365w, https:\/\/www.noorusspahotel.com\/wp-content\/uploads\/2022\/09\/IMG_108954-scaled.jpg 1707w\" sizes=\"(max-width: 683px) 100vw, 683px\" \/>\t\t\t\t\t\t\t\t<\/a>\n\t\t\t\t\t\t\t\t\t\t\t\t\t<\/div>\n\t\t\t\t<\/div>\n\t\t\t\t<div class=\"elementor-element elementor-element-bdb009d elementor-widget elementor-widget-text-editor\" data-id=\"bdb009d\" data-element_type=\"widget\" data-widget_type=\"text-editor.default\">\n\t\t\t\t<div class=\"elementor-widget-container\">\n\t\t\t\t\t\t\t<h4 style=\"text-align: center;\">PUBI<\/h4><p style=\"text-align: center;\"><span style=\"color: #000000;\">Tyylikk\u00e4\u00e4sti sisutettu pubi on mainio paikka illanistujaisiin, tiimin j\u00e4lkipalaveriin ja monenlaiseen juhlintaan &#8211; olipa kyseess\u00e4 perhejuhla, yritystilaisuus tai hieno illallinen<\/span><\/p>\t\t\t\t\t\t<\/div>\n\t\t\t\t<\/div>\n\t\t\t\t<div class=\"elementor-element elementor-element-a029254 elementor-widget elementor-widget-text-editor\" data-id=\"a029254\" data-element_type=\"widget\" data-settings=\"{&quot;_animation&quot;:&quot;none&quot;}\" data-widget_type=\"text-editor.default\">\n\t\t\t\t<div class=\"elementor-widget-container\">\n\t\t\t\t\t\t\t<p style=\"text-align: center;\"><a href=\"http:\/\/www.noorusspahotel.com\/home\/dining-eng\/pub-eng\">LUE LIS\u00c4\u00c4<\/a><\/p>\t\t\t\t\t\t<\/div>\n\t\t\t\t<\/div>\n\t\t\t\t\t<\/div>\n\t\t<\/div>\n\t\t\t\t<div class=\"elementor-column elementor-col-25 elementor-inner-column elementor-element elementor-element-e1263a7\" data-id=\"e1263a7\" data-element_type=\"column\">\n\t\t\t<div class=\"elementor-widget-wrap elementor-element-populated\">\n\t\t\t\t\t\t<div class=\"elementor-element elementor-element-9e2f7c0 elementor-widget elementor-widget-image\" data-id=\"9e2f7c0\" data-element_type=\"widget\" data-widget_type=\"image.default\">\n\t\t\t\t<div class=\"elementor-widget-container\">\n\t\t\t\t\t\t\t\t\t\t\t\t\t\t<a href=\"https:\/\/www.noorusspahotel.com\/peamine\/toitlustus\/lobby-baar\/\">\n\t\t\t\t\t\t\t<img decoding=\"async\" width=\"683\" height=\"1024\" src=\"https:\/\/www.noorusspahotel.com\/wp-content\/uploads\/2022\/09\/sam-hojati-pb7oJwtNVU4-unsplash-683x1024.jpg\" class=\"elementor-animation-grow attachment-large size-large wp-image-1036\" alt=\"\" srcset=\"https:\/\/www.noorusspahotel.com\/wp-content\/uploads\/2022\/09\/sam-hojati-pb7oJwtNVU4-unsplash-683x1024.jpg 683w, https:\/\/www.noorusspahotel.com\/wp-content\/uploads\/2022\/09\/sam-hojati-pb7oJwtNVU4-unsplash-200x300.jpg 200w, https:\/\/www.noorusspahotel.com\/wp-content\/uploads\/2022\/09\/sam-hojati-pb7oJwtNVU4-unsplash-768x1152.jpg 768w, https:\/\/www.noorusspahotel.com\/wp-content\/uploads\/2022\/09\/sam-hojati-pb7oJwtNVU4-unsplash-1024x1536.jpg 1024w, https:\/\/www.noorusspahotel.com\/wp-content\/uploads\/2022\/09\/sam-hojati-pb7oJwtNVU4-unsplash-1365x2048.jpg 1365w, https:\/\/www.noorusspahotel.com\/wp-content\/uploads\/2022\/09\/sam-hojati-pb7oJwtNVU4-unsplash-scaled.jpg 1707w\" sizes=\"(max-width: 683px) 100vw, 683px\" \/>\t\t\t\t\t\t\t\t<\/a>\n\t\t\t\t\t\t\t\t\t\t\t\t\t<\/div>\n\t\t\t\t<\/div>\n\t\t\t\t<div class=\"elementor-element elementor-element-348803b elementor-widget elementor-widget-text-editor\" data-id=\"348803b\" data-element_type=\"widget\" data-widget_type=\"text-editor.default\">\n\t\t\t\t<div class=\"elementor-widget-container\">\n\t\t\t\t\t\t\t<h4 style=\"text-align: center;\">AULABAARI<\/h4><p style=\"text-align: center;\"><span style=\"color: #000000;\">Jaa hetki\u00e4 yst\u00e4vien kanssa cocktaileja aulabaarissa siemaillen. Baarimikkomme loihtivat parhaat kimarat. \u00c4l\u00e4 unohda kokeilla tuoreita k\u00e4sintehtyj\u00e4 j\u00e4lkiruokaherkkuja<\/span><\/p><p class=\"Standard\" style=\"text-align: center;\" align=\"center\"><span lang=\"FI\" style=\"font-size: 10pt; font-family: Arial, sans-serif; color: #000000;\">UUTINEN! Pizzaa saa taas!<\/span><\/p>\t\t\t\t\t\t<\/div>\n\t\t\t\t<\/div>\n\t\t\t\t<div class=\"elementor-element elementor-element-6d62c58 elementor-widget elementor-widget-text-editor\" data-id=\"6d62c58\" data-element_type=\"widget\" data-settings=\"{&quot;_animation&quot;:&quot;none&quot;}\" data-widget_type=\"text-editor.default\">\n\t\t\t\t<div class=\"elementor-widget-container\">\n\t\t\t\t\t\t\t<p style=\"text-align: center;\"><a href=\"https:\/\/www.noorusspahotel.com\/peamine\/toitlustus\/lobby-baar\/\">LUE LIS\u00c4\u00c4<\/a><\/p>\t\t\t\t\t\t<\/div>\n\t\t\t\t<\/div>\n\t\t\t\t\t<\/div>\n\t\t<\/div>\n\t\t\t\t<div class=\"elementor-column elementor-col-25 elementor-inner-column elementor-element elementor-element-99311e0\" data-id=\"99311e0\" data-element_type=\"column\">\n\t\t\t<div class=\"elementor-widget-wrap elementor-element-populated\">\n\t\t\t\t\t\t<div class=\"elementor-element elementor-element-8eec98b elementor-widget elementor-widget-image\" data-id=\"8eec98b\" data-element_type=\"widget\" data-widget_type=\"image.default\">\n\t\t\t\t<div class=\"elementor-widget-container\">\n\t\t\t\t\t\t\t\t\t\t\t\t\t\t<a href=\"https:\/\/www.noorusspahotel.com\/peamine\/toitlustus\/gioventu-restoran\/\">\n\t\t\t\t\t\t\t<img loading=\"lazy\" decoding=\"async\" width=\"683\" height=\"1024\" src=\"https:\/\/www.noorusspahotel.com\/wp-content\/uploads\/2022\/09\/IMG_146685-683x1024.jpg\" class=\"elementor-animation-grow attachment-large size-large wp-image-1040\" alt=\"\" srcset=\"https:\/\/www.noorusspahotel.com\/wp-content\/uploads\/2022\/09\/IMG_146685-683x1024.jpg 683w, https:\/\/www.noorusspahotel.com\/wp-content\/uploads\/2022\/09\/IMG_146685-200x300.jpg 200w, https:\/\/www.noorusspahotel.com\/wp-content\/uploads\/2022\/09\/IMG_146685-768x1152.jpg 768w, https:\/\/www.noorusspahotel.com\/wp-content\/uploads\/2022\/09\/IMG_146685-1024x1536.jpg 1024w, https:\/\/www.noorusspahotel.com\/wp-content\/uploads\/2022\/09\/IMG_146685-1365x2048.jpg 1365w, https:\/\/www.noorusspahotel.com\/wp-content\/uploads\/2022\/09\/IMG_146685-scaled.jpg 1707w\" sizes=\"(max-width: 683px) 100vw, 683px\" \/>\t\t\t\t\t\t\t\t<\/a>\n\t\t\t\t\t\t\t\t\t\t\t\t\t<\/div>\n\t\t\t\t<\/div>\n\t\t\t\t<div class=\"elementor-element elementor-element-9e8cdbb elementor-widget elementor-widget-text-editor\" data-id=\"9e8cdbb\" data-element_type=\"widget\" data-widget_type=\"text-editor.default\">\n\t\t\t\t<div class=\"elementor-widget-container\">\n\t\t\t\t\t\t\t<h4 style=\"text-align: center;\"><span style=\"color: #000000;\">RAVINTOLA &#8221;GIOVENTU&#8221;\u00a0<\/span><\/h4><p style=\"text-align: center;\"><span style=\"color: #000000;\">Liivarand SPA-hotellissa sijaitseva italialainen perheravintola keskittyy pizzaan ja pastaan. Tarjolla on herkullista ruokaa, kodikasta tunnelmaa ja yst\u00e4v\u00e4llist\u00e4 palvelua<\/span><\/p>\t\t\t\t\t\t<\/div>\n\t\t\t\t<\/div>\n\t\t\t\t<div class=\"elementor-element elementor-element-cea2695 elementor-widget elementor-widget-text-editor\" data-id=\"cea2695\" data-element_type=\"widget\" data-settings=\"{&quot;_animation&quot;:&quot;none&quot;}\" data-widget_type=\"text-editor.default\">\n\t\t\t\t<div class=\"elementor-widget-container\">\n\t\t\t\t\t\t\t<p style=\"text-align: center;\"><a href=\"http:\/\/www.noorusspahotel.com\/home\/dining-eng\/gioventu-eng\">LUE LIS\u00c4\u00c4<\/a><\/p>\t\t\t\t\t\t<\/div>\n\t\t\t\t<\/div>\n\t\t\t\t\t<\/div>\n\t\t<\/div>\n\t\t\t\t\t<\/div>\n\t\t<\/section>\n\t\t\t\t\t<\/div>\n\t\t<\/div>\n\t\t\t\t\t<\/div>\n\t\t<\/section>\n\t\t\t\t<section class=\"elementor-section elementor-top-section elementor-element elementor-element-a12959d elementor-section-boxed elementor-section-height-default elementor-section-height-default\" data-id=\"a12959d\" data-element_type=\"section\" data-settings=\"{&quot;background_background&quot;:&quot;classic&quot;}\">\n\t\t\t\t\t\t<div class=\"elementor-container elementor-column-gap-no\">\n\t\t\t\t\t<div class=\"elementor-column elementor-col-100 elementor-top-column elementor-element elementor-element-c607380\" data-id=\"c607380\" data-element_type=\"column\">\n\t\t\t<div class=\"elementor-widget-wrap elementor-element-populated\">\n\t\t\t\t\t\t<div class=\"elementor-element elementor-element-8837f87 elementor-widget elementor-widget-heading\" data-id=\"8837f87\" data-element_type=\"widget\" data-widget_type=\"heading.default\">\n\t\t\t\t<div class=\"elementor-widget-container\">\n\t\t\t<h2 class=\"elementor-heading-title elementor-size-default\">Unohtumattomia el\u00e4myksi\u00e4<\/h2>\t\t<\/div>\n\t\t\t\t<\/div>\n\t\t\t\t<div class=\"elementor-element elementor-element-8025f0e elementor-widget elementor-widget-heading\" data-id=\"8025f0e\" data-element_type=\"widget\" data-widget_type=\"heading.default\">\n\t\t\t\t<div class=\"elementor-widget-container\">\n\t\t\t<h2 class=\"elementor-heading-title elementor-size-default\">Noorus SPA Hotel<\/h2>\t\t<\/div>\n\t\t\t\t<\/div>\n\t\t\t\t<div class=\"elementor-element elementor-element-6f8ad6c elementor-align-center elementor-widget elementor-widget-button\" data-id=\"6f8ad6c\" data-element_type=\"widget\" data-widget_type=\"button.default\">\n\t\t\t\t<div class=\"elementor-widget-container\">\n\t\t\t\t\t\t\t<div class=\"elementor-button-wrapper\">\n\t\t\t\t\t<a class=\"elementor-button elementor-button-link elementor-size-xs elementor-animation-grow\" href=\"https:\/\/ibe.smarthotel.nl\/?id=c35cbc01-559f-40e3-a565-808b5448342c\" target=\"_blank\">\n\t\t\t\t\t\t<span class=\"elementor-button-content-wrapper\">\n\t\t\t\t\t\t\t\t\t<span class=\"elementor-button-text\">VAARA<\/span>\n\t\t\t\t\t<\/span>\n\t\t\t\t\t<\/a>\n\t\t\t\t<\/div>\n\t\t\t\t\t\t<\/div>\n\t\t\t\t<\/div>\n\t\t\t\t\t<\/div>\n\t\t<\/div>\n\t\t\t\t\t<\/div>\n\t\t<\/section>\n\t\t\t\t<\/div>\n\t\t","protected":false},"excerpt":{"rendered":"<p>KOE GOURMET Ravintolat &amp; Baarit\u00a0 Meill\u00e4 koet kulinaarisen el\u00e4myksen mihin aikaan p\u00e4iv\u00e4st\u00e4 tahansa, lounaasta illalliseen, cocktaileihin ja erikoistarjouksiimme RAVINTOLA &#8221;ROMANTIC GARDEN&#8221;\u00a0 Ravintolamme avaa romanttisia n\u00e4kymi\u00e4 Narva-J\u00f5esuun loiston p\u00e4iviin, ymp\u00e4r\u00f6iv\u00e4\u00e4n luontoon ja auringonlaskuun merell\u00e4. Ruokalistalla on paikallisia ruokia ja huolella valittuja herkkuja naapurimaiden ruokakulttuurista LUE LIS\u00c4\u00c4 PUBI Tyylikk\u00e4\u00e4sti sisutettu pubi on mainio paikka illanistujaisiin, tiimin j\u00e4lkipalaveriin &hellip;<\/p>\n<p class=\"read-more\"> <a class=\"\" href=\"https:\/\/www.noorusspahotel.com\/fi\/kotisivu\/ravintolat\/\"> <span class=\"screen-reader-text\">RAVINTOLAT<\/span> Lue lis\u00e4\u00e4 &raquo;<\/a><\/p>\n","protected":false},"author":1,"featured_media":0,"parent":11183,"menu_order":0,"comment_status":"closed","ping_status":"closed","template":"","meta":{"site-sidebar-layout":"no-sidebar","site-content-layout":"page-builder","ast-global-header-display":"","ast-main-header-display":"","ast-hfb-above-header-display":"","ast-hfb-below-header-display":"","ast-hfb-mobile-header-display":"","site-post-title":"disabled","ast-breadcrumbs-content":"","ast-featured-img":"disabled","footer-sml-layout":"","theme-transparent-header-meta":"enabled","adv-header-id-meta":"","stick-header-meta":"","header-above-stick-meta":"","header-main-stick-meta":"","header-below-stick-meta":"","footnotes":""},"class_list":["post-11605","page","type-page","status-publish","hentry"],"yoast_head":"<!-- This site is optimized with the Yoast SEO Premium plugin v22.0 (Yoast SEO v22.1) - https:\/\/yoast.com\/wordpress\/plugins\/seo\/ -->\n<title>RAVINTOLAT - Noorus SPA Hotel<\/title>\n<meta name=\"robots\" content=\"index, follow, max-snippet:-1, max-image-preview:large, max-video-preview:-1\" \/>\n<link rel=\"canonical\" href=\"https:\/\/www.noorusspahotel.com\/fi\/kotisivu\/ravintolat\/\" \/>\n<meta property=\"og:locale\" content=\"fi_FI\" \/>\n<meta property=\"og:type\" content=\"article\" \/>\n<meta property=\"og:title\" content=\"RAVINTOLAT\" \/>\n<meta property=\"og:description\" content=\"KOE GOURMET Ravintolat &amp; Baarit\u00a0 Meill\u00e4 koet kulinaarisen el\u00e4myksen mihin aikaan p\u00e4iv\u00e4st\u00e4 tahansa, lounaasta illalliseen, cocktaileihin ja erikoistarjouksiimme RAVINTOLA &#8221;ROMANTIC GARDEN&#8221;\u00a0 Ravintolamme avaa romanttisia n\u00e4kymi\u00e4 Narva-J\u00f5esuun loiston p\u00e4iviin, ymp\u00e4r\u00f6iv\u00e4\u00e4n luontoon ja auringonlaskuun merell\u00e4. Ruokalistalla on paikallisia ruokia ja huolella valittuja herkkuja naapurimaiden ruokakulttuurista LUE LIS\u00c4\u00c4 PUBI Tyylikk\u00e4\u00e4sti sisutettu pubi on mainio paikka illanistujaisiin, tiimin j\u00e4lkipalaveriin &hellip; RAVINTOLAT Lue lis\u00e4\u00e4 &raquo;\" \/>\n<meta property=\"og:url\" content=\"https:\/\/www.noorusspahotel.com\/fi\/kotisivu\/ravintolat\/\" \/>\n<meta property=\"og:site_name\" content=\"Noorus SPA Hotel\" \/>\n<meta property=\"article:publisher\" content=\"https:\/\/www.facebook.com\/noorusspahotel\" \/>\n<meta property=\"article:modified_time\" content=\"2024-05-24T07:02:35+00:00\" \/>\n<meta property=\"og:image\" content=\"https:\/\/www.noorusspahotel.com\/wp-content\/uploads\/2022\/09\/IMG_054998-683x1024.jpg\" \/>\n<meta name=\"twitter:card\" content=\"summary_large_image\" \/>\n<meta name=\"twitter:label1\" content=\"Arvioitu lukuaika\" \/>\n\t<meta name=\"twitter:data1\" content=\"2 minuuttia\" \/>\n<script type=\"application\/ld+json\" class=\"yoast-schema-graph\">{\"@context\":\"https:\/\/schema.org\",\"@graph\":[{\"@type\":\"WebPage\",\"@id\":\"https:\/\/www.noorusspahotel.com\/fi\/kotisivu\/ravintolat\/\",\"url\":\"https:\/\/www.noorusspahotel.com\/fi\/kotisivu\/ravintolat\/\",\"name\":\"RAVINTOLAT - Noorus SPA Hotel\",\"isPartOf\":{\"@id\":\"https:\/\/www.noorusspahotel.com\/#website\"},\"datePublished\":\"2022-09-24T09:04:42+00:00\",\"dateModified\":\"2024-05-24T07:02:35+00:00\",\"breadcrumb\":{\"@id\":\"https:\/\/www.noorusspahotel.com\/fi\/kotisivu\/ravintolat\/#breadcrumb\"},\"inLanguage\":\"fi\",\"potentialAction\":[{\"@type\":\"ReadAction\",\"target\":[\"https:\/\/www.noorusspahotel.com\/fi\/kotisivu\/ravintolat\/\"]}]},{\"@type\":\"BreadcrumbList\",\"@id\":\"https:\/\/www.noorusspahotel.com\/fi\/kotisivu\/ravintolat\/#breadcrumb\",\"itemListElement\":[{\"@type\":\"ListItem\",\"position\":1,\"name\":\"Home\",\"item\":\"https:\/\/www.noorusspahotel.com\/fi\/\"},{\"@type\":\"ListItem\",\"position\":2,\"name\":\"Kotisivu\",\"item\":\"https:\/\/www.noorusspahotel.com\/fi\/\"},{\"@type\":\"ListItem\",\"position\":3,\"name\":\"RAVINTOLAT\"}]},{\"@type\":\"WebSite\",\"@id\":\"https:\/\/www.noorusspahotel.com\/#website\",\"url\":\"https:\/\/www.noorusspahotel.com\/\",\"name\":\"Noorus SPA Hotel\",\"description\":\"Spa puhkus ja meelelahutus Eestis\",\"publisher\":{\"@id\":\"https:\/\/www.noorusspahotel.com\/#organization\"},\"potentialAction\":[{\"@type\":\"SearchAction\",\"target\":{\"@type\":\"EntryPoint\",\"urlTemplate\":\"https:\/\/www.noorusspahotel.com\/?s={search_term_string}\"},\"query-input\":\"required name=search_term_string\"}],\"inLanguage\":\"fi\"},{\"@type\":\"Organization\",\"@id\":\"https:\/\/www.noorusspahotel.com\/#organization\",\"name\":\"Noorus SPA Hotel\",\"url\":\"https:\/\/www.noorusspahotel.com\/\",\"logo\":{\"@type\":\"ImageObject\",\"inLanguage\":\"fi\",\"@id\":\"https:\/\/www.noorusspahotel.com\/#\/schema\/logo\/image\/\",\"url\":\"https:\/\/www.noorusspahotel.com\/wp-content\/uploads\/2022\/09\/noorus-logo-VK.jpg\",\"contentUrl\":\"https:\/\/www.noorusspahotel.com\/wp-content\/uploads\/2022\/09\/noorus-logo-VK.jpg\",\"width\":731,\"height\":514,\"caption\":\"Noorus SPA Hotel\"},\"image\":{\"@id\":\"https:\/\/www.noorusspahotel.com\/#\/schema\/logo\/image\/\"},\"sameAs\":[\"https:\/\/www.facebook.com\/noorusspahotel\",\"https:\/\/www.instagram.com\/noorusspahotel\/\"]}]}<\/script>\n<!-- \/ Yoast SEO Premium plugin. -->","yoast_head_json":{"title":"RAVINTOLAT - Noorus SPA Hotel","robots":{"index":"index","follow":"follow","max-snippet":"max-snippet:-1","max-image-preview":"max-image-preview:large","max-video-preview":"max-video-preview:-1"},"canonical":"https:\/\/www.noorusspahotel.com\/fi\/kotisivu\/ravintolat\/","og_locale":"fi_FI","og_type":"article","og_title":"RAVINTOLAT","og_description":"KOE GOURMET Ravintolat &amp; Baarit\u00a0 Meill\u00e4 koet kulinaarisen el\u00e4myksen mihin aikaan p\u00e4iv\u00e4st\u00e4 tahansa, lounaasta illalliseen, cocktaileihin ja erikoistarjouksiimme RAVINTOLA &#8221;ROMANTIC GARDEN&#8221;\u00a0 Ravintolamme avaa romanttisia n\u00e4kymi\u00e4 Narva-J\u00f5esuun loiston p\u00e4iviin, ymp\u00e4r\u00f6iv\u00e4\u00e4n luontoon ja auringonlaskuun merell\u00e4. Ruokalistalla on paikallisia ruokia ja huolella valittuja herkkuja naapurimaiden ruokakulttuurista LUE LIS\u00c4\u00c4 PUBI Tyylikk\u00e4\u00e4sti sisutettu pubi on mainio paikka illanistujaisiin, tiimin j\u00e4lkipalaveriin &hellip; RAVINTOLAT Lue lis\u00e4\u00e4 &raquo;","og_url":"https:\/\/www.noorusspahotel.com\/fi\/kotisivu\/ravintolat\/","og_site_name":"Noorus SPA Hotel","article_publisher":"https:\/\/www.facebook.com\/noorusspahotel","article_modified_time":"2024-05-24T07:02:35+00:00","og_image":[{"url":"https:\/\/www.noorusspahotel.com\/wp-content\/uploads\/2022\/09\/IMG_054998-683x1024.jpg"}],"twitter_card":"summary_large_image","twitter_misc":{"Arvioitu lukuaika":"2 minuuttia"},"schema":{"@context":"https:\/\/schema.org","@graph":[{"@type":"WebPage","@id":"https:\/\/www.noorusspahotel.com\/fi\/kotisivu\/ravintolat\/","url":"https:\/\/www.noorusspahotel.com\/fi\/kotisivu\/ravintolat\/","name":"RAVINTOLAT - Noorus SPA Hotel","isPartOf":{"@id":"https:\/\/www.noorusspahotel.com\/#website"},"datePublished":"2022-09-24T09:04:42+00:00","dateModified":"2024-05-24T07:02:35+00:00","breadcrumb":{"@id":"https:\/\/www.noorusspahotel.com\/fi\/kotisivu\/ravintolat\/#breadcrumb"},"inLanguage":"fi","potentialAction":[{"@type":"ReadAction","target":["https:\/\/www.noorusspahotel.com\/fi\/kotisivu\/ravintolat\/"]}]},{"@type":"BreadcrumbList","@id":"https:\/\/www.noorusspahotel.com\/fi\/kotisivu\/ravintolat\/#breadcrumb","itemListElement":[{"@type":"ListItem","position":1,"name":"Home","item":"https:\/\/www.noorusspahotel.com\/fi\/"},{"@type":"ListItem","position":2,"name":"Kotisivu","item":"https:\/\/www.noorusspahotel.com\/fi\/"},{"@type":"ListItem","position":3,"name":"RAVINTOLAT"}]},{"@type":"WebSite","@id":"https:\/\/www.noorusspahotel.com\/#website","url":"https:\/\/www.noorusspahotel.com\/","name":"Noorus SPA Hotel","description":"Spa puhkus ja meelelahutus Eestis","publisher":{"@id":"https:\/\/www.noorusspahotel.com\/#organization"},"potentialAction":[{"@type":"SearchAction","target":{"@type":"EntryPoint","urlTemplate":"https:\/\/www.noorusspahotel.com\/?s={search_term_string}"},"query-input":"required name=search_term_string"}],"inLanguage":"fi"},{"@type":"Organization","@id":"https:\/\/www.noorusspahotel.com\/#organization","name":"Noorus SPA Hotel","url":"https:\/\/www.noorusspahotel.com\/","logo":{"@type":"ImageObject","inLanguage":"fi","@id":"https:\/\/www.noorusspahotel.com\/#\/schema\/logo\/image\/","url":"https:\/\/www.noorusspahotel.com\/wp-content\/uploads\/2022\/09\/noorus-logo-VK.jpg","contentUrl":"https:\/\/www.noorusspahotel.com\/wp-content\/uploads\/2022\/09\/noorus-logo-VK.jpg","width":731,"height":514,"caption":"Noorus SPA Hotel"},"image":{"@id":"https:\/\/www.noorusspahotel.com\/#\/schema\/logo\/image\/"},"sameAs":["https:\/\/www.facebook.com\/noorusspahotel","https:\/\/www.instagram.com\/noorusspahotel\/"]}]}},"_links":{"self":[{"href":"https:\/\/www.noorusspahotel.com\/fi\/wp-json\/wp\/v2\/pages\/11605","targetHints":{"allow":["GET"]}}],"collection":[{"href":"https:\/\/www.noorusspahotel.com\/fi\/wp-json\/wp\/v2\/pages"}],"about":[{"href":"https:\/\/www.noorusspahotel.com\/fi\/wp-json\/wp\/v2\/types\/page"}],"author":[{"embeddable":true,"href":"https:\/\/www.noorusspahotel.com\/fi\/wp-json\/wp\/v2\/users\/1"}],"replies":[{"embeddable":true,"href":"https:\/\/www.noorusspahotel.com\/fi\/wp-json\/wp\/v2\/comments?post=11605"}],"version-history":[{"count":16,"href":"https:\/\/www.noorusspahotel.com\/fi\/wp-json\/wp\/v2\/pages\/11605\/revisions"}],"predecessor-version":[{"id":15537,"href":"https:\/\/www.noorusspahotel.com\/fi\/wp-json\/wp\/v2\/pages\/11605\/revisions\/15537"}],"up":[{"embeddable":true,"href":"https:\/\/www.noorusspahotel.com\/fi\/wp-json\/wp\/v2\/pages\/11183"}],"wp:attachment":[{"href":"https:\/\/www.noorusspahotel.com\/fi\/wp-json\/wp\/v2\/media?parent=11605"}],"curies":[{"name":"wp","href":"https:\/\/api.w.org\/{rel}","templated":true}]}}