{"id":3,"date":"2022-09-19T15:59:18","date_gmt":"2022-09-19T15:59:18","guid":{"rendered":"http:\/\/noorusspaa.ee\/?page_id=3"},"modified":"2025-07-11T09:16:59","modified_gmt":"2025-07-11T09:16:59","slug":"privacy-policy","status":"publish","type":"page","link":"https:\/\/www.noorusspahotel.com\/en\/privacy-policy\/","title":{"rendered":"Privacy Policy"},"content":{"rendered":"\t\t<div data-elementor-type=\"wp-page\" data-elementor-id=\"3\" class=\"elementor elementor-3\" data-elementor-post-type=\"page\">\n\t\t\t\t\t\t<section class=\"elementor-section elementor-top-section elementor-element elementor-element-e97958a elementor-section-boxed elementor-section-height-default elementor-section-height-default\" data-id=\"e97958a\" data-element_type=\"section\" data-settings=\"{&quot;background_background&quot;:&quot;classic&quot;}\">\n\t\t\t\t\t\t\t<div class=\"elementor-background-overlay\"><\/div>\n\t\t\t\t\t\t\t<div class=\"elementor-container elementor-column-gap-default\">\n\t\t\t\t\t<div class=\"elementor-column elementor-col-100 elementor-top-column elementor-element elementor-element-0074158\" data-id=\"0074158\" data-element_type=\"column\">\n\t\t\t<div class=\"elementor-widget-wrap\">\n\t\t\t\t\t\t\t<\/div>\n\t\t<\/div>\n\t\t\t\t\t<\/div>\n\t\t<\/section>\n\t\t\t\t<section class=\"elementor-section elementor-top-section elementor-element elementor-element-c5d185d elementor-section-boxed elementor-section-height-default elementor-section-height-default\" data-id=\"c5d185d\" data-element_type=\"section\">\n\t\t\t\t\t\t<div class=\"elementor-container elementor-column-gap-default\">\n\t\t\t\t\t<div class=\"elementor-column elementor-col-25 elementor-top-column elementor-element elementor-element-2c621f9\" data-id=\"2c621f9\" data-element_type=\"column\">\n\t\t\t<div class=\"elementor-widget-wrap\">\n\t\t\t\t\t\t\t<\/div>\n\t\t<\/div>\n\t\t\t\t<div class=\"elementor-column elementor-col-50 elementor-top-column elementor-element elementor-element-1b616be\" data-id=\"1b616be\" data-element_type=\"column\">\n\t\t\t<div class=\"elementor-widget-wrap elementor-element-populated\">\n\t\t\t\t\t\t<div class=\"elementor-element elementor-element-5883387 elementor-widget elementor-widget-heading\" data-id=\"5883387\" data-element_type=\"widget\" data-widget_type=\"heading.default\">\n\t\t\t\t<div class=\"elementor-widget-container\">\n\t\t\t<h2 class=\"elementor-heading-title elementor-size-default\">Privacy policy<\/h2>\t\t<\/div>\n\t\t\t\t<\/div>\n\t\t\t\t\t<\/div>\n\t\t<\/div>\n\t\t\t\t<div class=\"elementor-column elementor-col-25 elementor-top-column elementor-element elementor-element-9c418b0\" data-id=\"9c418b0\" data-element_type=\"column\">\n\t\t\t<div class=\"elementor-widget-wrap\">\n\t\t\t\t\t\t\t<\/div>\n\t\t<\/div>\n\t\t\t\t\t<\/div>\n\t\t<\/section>\n\t\t\t\t<section class=\"elementor-section elementor-top-section elementor-element elementor-element-836e01c elementor-section-boxed elementor-section-height-default elementor-section-height-default\" data-id=\"836e01c\" data-element_type=\"section\">\n\t\t\t\t\t\t<div class=\"elementor-container elementor-column-gap-default\">\n\t\t\t\t\t<div class=\"elementor-column elementor-col-100 elementor-top-column elementor-element elementor-element-b832464\" data-id=\"b832464\" data-element_type=\"column\">\n\t\t\t<div class=\"elementor-widget-wrap elementor-element-populated\">\n\t\t\t\t\t\t<div class=\"elementor-element elementor-element-f41e97f elementor-widget__width-initial elementor-widget elementor-widget-eael-adv-accordion\" data-id=\"f41e97f\" data-element_type=\"widget\" data-widget_type=\"eael-adv-accordion.default\">\n\t\t\t\t<div class=\"elementor-widget-container\">\n\t\t\t        <div class=\"eael-adv-accordion\" id=\"eael-adv-accordion-f41e97f\" data-scroll-on-click=\"no\" data-scroll-speed=\"300\" data-accordion-id=\"f41e97f\" data-accordion-type=\"accordion\" data-toogle-speed=\"300\">\n    <div class=\"eael-accordion-list\">\n                <div id=\"storing-and-processing-data\" class=\"elementor-tab-title eael-accordion-header\" tabindex=\"0\" data-tab=\"1\" aria-controls=\"elementor-tab-content-2551\"><span class=\"eael-accordion-tab-title\">Storing and processing data<\/span><i aria-hidden=\"true\" class=\"fa-toggle fas fa-angle-right\"><\/i><\/div><div id=\"elementor-tab-content-2551\" class=\"eael-accordion-content clearfix\" data-tab=\"1\" aria-labelledby=\"storing-and-processing-data\"><div class=\"wpb_text_column wpb_content_element \"><div class=\"wpb_wrapper\"><div class=\"wpb_text_column wpb_content_element \"><div class=\"wpb_wrapper\"><div class=\"wpb_text_column wpb_content_element \"><div class=\"wpb_wrapper\"><div class=\"wpb_text_column wpb_content_element \"><div class=\"wpb_wrapper\"><p>This document is a privacy policy (\u201cprivacy policy\u201d) of Noorus O\u00dc and its affiliates, which sets out how Noorus O\u00dc processes personal information about customers and other data subjects.<\/p><\/div><\/div><div class=\"wpb_text_column wpb_content_element \"><div class=\"wpb_wrapper\"><p>Noorus O\u00dc (Noorus SPA Hotel and Liivarand SPA Hotel) place the highest value on the satisfaction of its customers. To enable us to provide the best service possible to our customers and to fulfil our contractual relationships in an appropriate manner, Noorus O\u00dc collects and stores the data of its customers using the following principles. The existence of up-to-date data at Noorus O\u00dc ensures a correct and quick service for customers.<\/p><p>\u2013 Noorus O\u00dc undertakes to handle the personal data that has been submitted to it as strictly confidential and to protect the customer\u2019s personal data from becoming unlawfully available to third persons through the use of effective IT security measures.<\/p><p>\u2013 Noorus O\u00dc protects the personal data entrusted to it from any unlawful use. During the processing of personal data, Noorus O\u00dc shall be guided by legislation, and the data shall only be collected in the amount necessary for the performance of the concluded agreements and for providing the best service to its clients.<\/p><p>\u2013 Noorus O\u00dc shall not release any personal information to any other persons, unless the obligation to release the data is based on legislation or the release of the data has been authorized by the person that they belong to.<\/p><p>\u2013 Noorus O\u00dc has the right to forward the personal data to Noorus O\u00dcs authorized processors with the objective of utilizing the collected personal data for offering the best service possible to the customer. Noorus O\u00dc shall be liable for the actions of the authorized processors, and the authorized processors shall completely adhere to Noorus O\u00dc personal data processing principles. The chief processor is Noorus O\u00dc (postal address L. Koidula 19d, Narva-J\u00f5esuu, telephone +372 35 67 100, e-mail\u00a0<a href=\"mailto:info@noorusspahotel.com\">info@noorusspahotel.com<\/a>).<\/p><p>\u2013 Noorus O\u00dc may send its customers promotional offers or customer satisfaction questionnaires to improve its service quality. The customer may at any time opt out from receiving the abovementioned offers or questionnaires by informing Noorus O\u00dc of this.<\/p><p>\u2013 A customer has the right to withdraw its consent at any time and to request the deletion of his\/her data from Noorus O\u00dcs customer database by informing us via e-mail\u00a0<a href=\"mailto:info@noorusspahotel.com\">info@noorusspahotel.com<\/a><\/p><p>\u2013 Noorus O\u00dcs employees are informed of the personal information protection principles and their obligation to protect confidential information, and they shall be liable for the breach of the above-mentioned obligations.<\/p><p>\u2013 Noorus O\u00dc shall store the personal data in its databases, and the person shall have the right to access their personal data and any information concerning their activities at any time. The person shall have the right to request at any time the making of amendments to his\/her personal data, if the data has changed or if it is incorrect for any other reason.<\/p><p>\u2013 The personal data processed by Noorus O\u00dc shall include the customer\u2019s first and last name, date of birth, citizenship, address, gender, telephone number, e-mail address, use of services and purchases at points of sale.<\/p><\/div><\/div><div class=\"wpb_text_column wpb_content_element \"><div class=\"wpb_wrapper\"><p>Please contact us if you have any questions about this Privacy Policy.<\/p><p>With great respect,<br \/>Yours Noorus SPA Hotel<\/p><\/div><\/div><\/div><\/div><\/div><\/div><\/div><\/div><\/div>\n                <\/div><div class=\"eael-accordion-list\">\n                <div id=\"use-of-video-surveillance\" class=\"elementor-tab-title eael-accordion-header\" tabindex=\"0\" data-tab=\"2\" aria-controls=\"elementor-tab-content-2552\"><span class=\"eael-accordion-tab-title\">Use of video surveillance<\/span><i aria-hidden=\"true\" class=\"fa-toggle fas fa-angle-right\"><\/i><\/div><div id=\"elementor-tab-content-2552\" class=\"eael-accordion-content clearfix\" data-tab=\"2\" aria-labelledby=\"use-of-video-surveillance\"><ol><li>Purpose of Video Surveillance<\/li><\/ol><p>Video surveillance at SPA Hotels Noorus and Liivarand is carried out for the following purposes:<\/p><ul><li>prevention of crimes and offenses;<\/li><li>ensuring the safety of hotel guests, their property, and the hotel\u2019s property;<\/li><li>resolving disputes regarding injuries or property damage caused to hotel guests or the hotel.<\/li><\/ul><ol start=\"2\"><li>Placement of Cameras<\/li><\/ol><p>Security cameras are installed only in specially designated and clearly marked areas:<\/p><ul><li>public areas;<\/li><li>entrances and exits;<\/li><li>parking areas;<\/li><li>technical and service rooms.<\/li><\/ul><p>Video surveillance is not conducted in hotel rooms, restrooms, changing rooms, or other areas where privacy is expected.<\/p><ol start=\"3\"><li>Storage and Access to Recordings<\/li><\/ol><ul><li>Video recordings are stored for 72 hours from the time of recording.<\/li><li>After this period, recordings are automatically deleted unless preserved for incident investigation or legal proceedings.<\/li><li>Access to recordings is granted only to:<ul><li>a member of the hotel\u2019s management board;<\/li><li>head of the video surveillance service;<\/li><li>hotel\u2019s legal counsel.<\/li><\/ul><\/li><\/ul><ol start=\"4\"><li>Viewing of Recordings<\/li><\/ol><ul><li>Recordings may be viewed only upon submission of a digitally signed request (via ID card, Mobile-ID, or Smart-ID).<\/li><li>Viewing is conducted exclusively on the premises of Noorus Hotel.<\/li><li>The request must be justified by a legitimate interest.<\/li><\/ul><p>Copies of recordings:<\/p><ul><li>Are provided only to law enforcement agencies or courts upon official request in accordance with the Code of Criminal Procedure or the Code of Civil Procedure.<\/li><li>Private individuals are not given copies. However, they may be allowed to view the relevant part of the recording that concerns their legitimate interest.<\/li><\/ul><p>No recordings concerning third parties are provided to private individuals. The only exceptions are official requests from state authorities.<\/p><ol start=\"5\"><li>Requesting Recordings<\/li><\/ol><ul><li>A person may request access only to recordings concerning themselves, for example, to establish if an unlawful act was committed against them.<\/li><li>Viewing is conducted in the presence of an authorized representative of the hotel.<\/li><\/ul><ol start=\"6\"><li>Compliance with Data Protection Laws<\/li><\/ol><p>Video surveillance and storage of recordings are conducted in accordance with:<\/p><ul><li>the General Data Protection Regulation (GDPR);<\/li><li>the Estonian Personal Data Protection Act;<\/li><li>the hotel\u2019s privacy policy.<\/li><\/ul><\/div>\n                <\/div><\/div>\t\t<\/div>\n\t\t\t\t<\/div>\n\t\t\t\t\t<\/div>\n\t\t<\/div>\n\t\t\t\t\t<\/div>\n\t\t<\/section>\n\t\t\t\t<\/div>\n\t\t","protected":false},"excerpt":{"rendered":"<p>Privacy policy Storing and processing data This document is a privacy policy (\u201cprivacy policy\u201d) of Noorus O\u00dc and its affiliates, which sets out how Noorus O\u00dc processes personal information about customers and other data subjects. Noorus O\u00dc (Noorus SPA Hotel and Liivarand SPA Hotel) place the highest value on the satisfaction of its customers. To &hellip;<\/p>\n<p class=\"read-more\"> <a class=\"\" href=\"https:\/\/www.noorusspahotel.com\/en\/privacy-policy\/\"> <span class=\"screen-reader-text\">Privacy Policy<\/span> Read More &raquo;<\/a><\/p>\n","protected":false},"author":1,"featured_media":0,"parent":0,"menu_order":0,"comment_status":"closed","ping_status":"open","template":"","meta":{"site-sidebar-layout":"no-sidebar","site-content-layout":"page-builder","ast-global-header-display":"","ast-main-header-display":"","ast-hfb-above-header-display":"","ast-hfb-below-header-display":"","ast-hfb-mobile-header-display":"","site-post-title":"disabled","ast-breadcrumbs-content":"","ast-featured-img":"disabled","footer-sml-layout":"","theme-transparent-header-meta":"enabled","adv-header-id-meta":"","stick-header-meta":"","header-above-stick-meta":"","header-main-stick-meta":"","header-below-stick-meta":"","footnotes":""},"class_list":["post-3","page","type-page","status-publish","hentry"],"yoast_head":"<!-- This site is optimized with the Yoast SEO Premium plugin v22.0 (Yoast SEO v22.1) - https:\/\/yoast.com\/wordpress\/plugins\/seo\/ -->\n<title>Privacy Policy - Noorus SPA Hotel<\/title>\n<meta name=\"robots\" content=\"index, follow, max-snippet:-1, max-image-preview:large, max-video-preview:-1\" \/>\n<link rel=\"canonical\" href=\"https:\/\/www.noorusspahotel.com\/en\/privacy-policy\/\" \/>\n<meta property=\"og:locale\" content=\"en_US\" \/>\n<meta property=\"og:type\" content=\"article\" \/>\n<meta property=\"og:title\" content=\"Privacy Policy\" \/>\n<meta property=\"og:description\" content=\"Privacy policy Storing and processing data This document is a privacy policy (\u201cprivacy policy\u201d) of Noorus O\u00dc and its affiliates, which sets out how Noorus O\u00dc processes personal information about customers and other data subjects. Noorus O\u00dc (Noorus SPA Hotel and Liivarand SPA Hotel) place the highest value on the satisfaction of its customers. To &hellip; Privacy Policy Read More &raquo;\" \/>\n<meta property=\"og:url\" content=\"https:\/\/www.noorusspahotel.com\/en\/privacy-policy\/\" \/>\n<meta property=\"og:site_name\" content=\"Noorus SPA Hotel\" \/>\n<meta property=\"article:publisher\" content=\"https:\/\/www.facebook.com\/noorusspahotel\" \/>\n<meta property=\"article:modified_time\" content=\"2025-07-11T09:16:59+00:00\" \/>\n<meta property=\"og:image\" content=\"https:\/\/www.noorusspahotel.com\/wp-content\/uploads\/2022\/09\/IMG_0028-scaled.jpg\" \/>\n\t<meta property=\"og:image:width\" content=\"2560\" \/>\n\t<meta property=\"og:image:height\" content=\"1635\" \/>\n\t<meta property=\"og:image:type\" content=\"image\/jpeg\" \/>\n<meta name=\"twitter:card\" content=\"summary_large_image\" \/>\n<meta name=\"twitter:label1\" content=\"Est. reading time\" \/>\n\t<meta name=\"twitter:data1\" content=\"4 minutes\" \/>\n<script type=\"application\/ld+json\" class=\"yoast-schema-graph\">{\"@context\":\"https:\/\/schema.org\",\"@graph\":[{\"@type\":\"WebPage\",\"@id\":\"https:\/\/www.noorusspahotel.com\/en\/privacy-policy\/\",\"url\":\"https:\/\/www.noorusspahotel.com\/en\/privacy-policy\/\",\"name\":\"Privacy Policy - Noorus SPA Hotel\",\"isPartOf\":{\"@id\":\"https:\/\/www.noorusspahotel.com\/#website\"},\"datePublished\":\"2022-09-19T15:59:18+00:00\",\"dateModified\":\"2025-07-11T09:16:59+00:00\",\"breadcrumb\":{\"@id\":\"https:\/\/www.noorusspahotel.com\/en\/privacy-policy\/#breadcrumb\"},\"inLanguage\":\"en-US\",\"potentialAction\":[{\"@type\":\"ReadAction\",\"target\":[\"https:\/\/www.noorusspahotel.com\/en\/privacy-policy\/\"]}]},{\"@type\":\"BreadcrumbList\",\"@id\":\"https:\/\/www.noorusspahotel.com\/en\/privacy-policy\/#breadcrumb\",\"itemListElement\":[{\"@type\":\"ListItem\",\"position\":1,\"name\":\"Home\",\"item\":\"https:\/\/www.noorusspahotel.com\/en\/\"},{\"@type\":\"ListItem\",\"position\":2,\"name\":\"Privacy Policy\"}]},{\"@type\":\"WebSite\",\"@id\":\"https:\/\/www.noorusspahotel.com\/#website\",\"url\":\"https:\/\/www.noorusspahotel.com\/\",\"name\":\"Noorus SPA Hotel\",\"description\":\"Spa puhkus ja meelelahutus Eestis\",\"publisher\":{\"@id\":\"https:\/\/www.noorusspahotel.com\/#organization\"},\"potentialAction\":[{\"@type\":\"SearchAction\",\"target\":{\"@type\":\"EntryPoint\",\"urlTemplate\":\"https:\/\/www.noorusspahotel.com\/?s={search_term_string}\"},\"query-input\":\"required name=search_term_string\"}],\"inLanguage\":\"en-US\"},{\"@type\":\"Organization\",\"@id\":\"https:\/\/www.noorusspahotel.com\/#organization\",\"name\":\"Noorus SPA Hotel\",\"url\":\"https:\/\/www.noorusspahotel.com\/\",\"logo\":{\"@type\":\"ImageObject\",\"inLanguage\":\"en-US\",\"@id\":\"https:\/\/www.noorusspahotel.com\/#\/schema\/logo\/image\/\",\"url\":\"https:\/\/www.noorusspahotel.com\/wp-content\/uploads\/2022\/09\/noorus-logo-VK.jpg\",\"contentUrl\":\"https:\/\/www.noorusspahotel.com\/wp-content\/uploads\/2022\/09\/noorus-logo-VK.jpg\",\"width\":731,\"height\":514,\"caption\":\"Noorus SPA Hotel\"},\"image\":{\"@id\":\"https:\/\/www.noorusspahotel.com\/#\/schema\/logo\/image\/\"},\"sameAs\":[\"https:\/\/www.facebook.com\/noorusspahotel\",\"https:\/\/www.instagram.com\/noorusspahotel\/\"]}]}<\/script>\n<!-- \/ Yoast SEO Premium plugin. -->","yoast_head_json":{"title":"Privacy Policy - Noorus SPA Hotel","robots":{"index":"index","follow":"follow","max-snippet":"max-snippet:-1","max-image-preview":"max-image-preview:large","max-video-preview":"max-video-preview:-1"},"canonical":"https:\/\/www.noorusspahotel.com\/en\/privacy-policy\/","og_locale":"en_US","og_type":"article","og_title":"Privacy Policy","og_description":"Privacy policy Storing and processing data This document is a privacy policy (\u201cprivacy policy\u201d) of Noorus O\u00dc and its affiliates, which sets out how Noorus O\u00dc processes personal information about customers and other data subjects. Noorus O\u00dc (Noorus SPA Hotel and Liivarand SPA Hotel) place the highest value on the satisfaction of its customers. To &hellip; Privacy Policy Read More &raquo;","og_url":"https:\/\/www.noorusspahotel.com\/en\/privacy-policy\/","og_site_name":"Noorus SPA Hotel","article_publisher":"https:\/\/www.facebook.com\/noorusspahotel","article_modified_time":"2025-07-11T09:16:59+00:00","og_image":[{"width":2560,"height":1635,"url":"https:\/\/www.noorusspahotel.com\/wp-content\/uploads\/2022\/09\/IMG_0028-scaled.jpg","type":"image\/jpeg"}],"twitter_card":"summary_large_image","twitter_misc":{"Est. reading time":"4 minutes"},"schema":{"@context":"https:\/\/schema.org","@graph":[{"@type":"WebPage","@id":"https:\/\/www.noorusspahotel.com\/en\/privacy-policy\/","url":"https:\/\/www.noorusspahotel.com\/en\/privacy-policy\/","name":"Privacy Policy - Noorus SPA Hotel","isPartOf":{"@id":"https:\/\/www.noorusspahotel.com\/#website"},"datePublished":"2022-09-19T15:59:18+00:00","dateModified":"2025-07-11T09:16:59+00:00","breadcrumb":{"@id":"https:\/\/www.noorusspahotel.com\/en\/privacy-policy\/#breadcrumb"},"inLanguage":"en-US","potentialAction":[{"@type":"ReadAction","target":["https:\/\/www.noorusspahotel.com\/en\/privacy-policy\/"]}]},{"@type":"BreadcrumbList","@id":"https:\/\/www.noorusspahotel.com\/en\/privacy-policy\/#breadcrumb","itemListElement":[{"@type":"ListItem","position":1,"name":"Home","item":"https:\/\/www.noorusspahotel.com\/en\/"},{"@type":"ListItem","position":2,"name":"Privacy Policy"}]},{"@type":"WebSite","@id":"https:\/\/www.noorusspahotel.com\/#website","url":"https:\/\/www.noorusspahotel.com\/","name":"Noorus SPA Hotel","description":"Spa puhkus ja meelelahutus Eestis","publisher":{"@id":"https:\/\/www.noorusspahotel.com\/#organization"},"potentialAction":[{"@type":"SearchAction","target":{"@type":"EntryPoint","urlTemplate":"https:\/\/www.noorusspahotel.com\/?s={search_term_string}"},"query-input":"required name=search_term_string"}],"inLanguage":"en-US"},{"@type":"Organization","@id":"https:\/\/www.noorusspahotel.com\/#organization","name":"Noorus SPA Hotel","url":"https:\/\/www.noorusspahotel.com\/","logo":{"@type":"ImageObject","inLanguage":"en-US","@id":"https:\/\/www.noorusspahotel.com\/#\/schema\/logo\/image\/","url":"https:\/\/www.noorusspahotel.com\/wp-content\/uploads\/2022\/09\/noorus-logo-VK.jpg","contentUrl":"https:\/\/www.noorusspahotel.com\/wp-content\/uploads\/2022\/09\/noorus-logo-VK.jpg","width":731,"height":514,"caption":"Noorus SPA Hotel"},"image":{"@id":"https:\/\/www.noorusspahotel.com\/#\/schema\/logo\/image\/"},"sameAs":["https:\/\/www.facebook.com\/noorusspahotel","https:\/\/www.instagram.com\/noorusspahotel\/"]}]}},"_links":{"self":[{"href":"https:\/\/www.noorusspahotel.com\/en\/wp-json\/wp\/v2\/pages\/3","targetHints":{"allow":["GET"]}}],"collection":[{"href":"https:\/\/www.noorusspahotel.com\/en\/wp-json\/wp\/v2\/pages"}],"about":[{"href":"https:\/\/www.noorusspahotel.com\/en\/wp-json\/wp\/v2\/types\/page"}],"author":[{"embeddable":true,"href":"https:\/\/www.noorusspahotel.com\/en\/wp-json\/wp\/v2\/users\/1"}],"replies":[{"embeddable":true,"href":"https:\/\/www.noorusspahotel.com\/en\/wp-json\/wp\/v2\/comments?post=3"}],"version-history":[{"count":16,"href":"https:\/\/www.noorusspahotel.com\/en\/wp-json\/wp\/v2\/pages\/3\/revisions"}],"predecessor-version":[{"id":18374,"href":"https:\/\/www.noorusspahotel.com\/en\/wp-json\/wp\/v2\/pages\/3\/revisions\/18374"}],"wp:attachment":[{"href":"https:\/\/www.noorusspahotel.com\/en\/wp-json\/wp\/v2\/media?parent=3"}],"curies":[{"name":"wp","href":"https:\/\/api.w.org\/{rel}","templated":true}]}}